{"id":28,"date":"2019-05-30T13:21:02","date_gmt":"2019-05-30T13:21:02","guid":{"rendered":"http:\/\/ggstyle-danceschool.com\/?page_id=28"},"modified":"2025-08-12T15:58:12","modified_gmt":"2025-08-12T15:58:12","slug":"contact","status":"publish","type":"page","link":"https:\/\/www.ggstyle-danceschool.com\/?page_id=28","title":{"rendered":"Contact"},"content":{"rendered":"<div class=\"aioseo-breadcrumbs\"><span class=\"aioseo-breadcrumb\">\n\t<a href=\"https:\/\/www.ggstyle-danceschool.com\" title=\"Home\">Home<\/a>\n<\/span><span class=\"aioseo-breadcrumb-separator\">&raquo;<\/span><span class=\"aioseo-breadcrumb\">\n\tContact\n<\/span><\/div>\n\n\n<h2 class=\"wp-block-heading\">GG Style Dance School<\/h2>\n\n\n\n<p>167 Chemin du Raisin<\/p>\n\n\n\n<p>84310 Mori\u00e8res Les Avignon<\/p>\n\n\n\n<p>(\u00e0 c\u00f4t\u00e9 du coll\u00e8ge Anne Frank)<\/p>\n\n\n\n<p>L&rsquo;\u00e9cole de danse est ouverte pendant les horaires des cours de danse.<\/p>\n\n\n\n<p>Pendant les vacances scolaires, le bureau est ferm\u00e9 mais nous r\u00e9pondons r\u00e9guli\u00e8rement \u00e0 vos mails.<\/p>\n\n\n\n<iframe loading=\"lazy\" src=\"https:\/\/www.google.com\/maps\/embed?pb=!1m18!1m12!1m3!1d3687.2959463945967!2d4.910809705061916!3d43.93845294770911!2m3!1f0!2f0!3f0!3m2!1i1024!2i768!4f13.1!3m3!1m2!1s0x0%3A0x7167674d4d39824d!2sGG%20Style%20Dance%20School!5e0!3m2!1sfr!2sfr!4v1594556393861!5m2!1sfr!2sfr\" width=\"600\" height=\"450\" frameborder=\"0\" style=\"border:0;\" allowfullscreen=\"\" aria-hidden=\"false\" tabindex=\"0\"><\/iframe>\n","protected":false},"excerpt":{"rendered":"<p>GG Style Dance School 167 Chemin du Raisin 84310 Mori\u00e8res Les Avignon (\u00e0 c\u00f4t\u00e9 du coll\u00e8ge Anne Frank) L&rsquo;\u00e9cole de danse est ouverte pendant les horaires des cours de danse. Pendant les vacances scolaires, le bureau est ferm\u00e9 mais nous r\u00e9pondons r\u00e9guli\u00e8rement \u00e0 vos mails.<\/p>\n","protected":false},"author":1,"featured_media":0,"parent":8954,"menu_order":0,"comment_status":"closed","ping_status":"closed","template":"","meta":{"om_disable_all_campaigns":false,"_monsterinsights_skip_tracking":false,"_monsterinsights_sitenote_active":false,"_monsterinsights_sitenote_note":"","_monsterinsights_sitenote_category":0,"footnotes":""},"class_list":["post-28","page","type-page","status-publish","hentry"],"aioseo_notices":[],"_links":{"self":[{"href":"https:\/\/www.ggstyle-danceschool.com\/index.php?rest_route=\/wp\/v2\/pages\/28","targetHints":{"allow":["GET"]}}],"collection":[{"href":"https:\/\/www.ggstyle-danceschool.com\/index.php?rest_route=\/wp\/v2\/pages"}],"about":[{"href":"https:\/\/www.ggstyle-danceschool.com\/index.php?rest_route=\/wp\/v2\/types\/page"}],"author":[{"embeddable":true,"href":"https:\/\/www.ggstyle-danceschool.com\/index.php?rest_route=\/wp\/v2\/users\/1"}],"replies":[{"embeddable":true,"href":"https:\/\/www.ggstyle-danceschool.com\/index.php?rest_route=%2Fwp%2Fv2%2Fcomments&post=28"}],"version-history":[{"count":15,"href":"https:\/\/www.ggstyle-danceschool.com\/index.php?rest_route=\/wp\/v2\/pages\/28\/revisions"}],"predecessor-version":[{"id":134035,"href":"https:\/\/www.ggstyle-danceschool.com\/index.php?rest_route=\/wp\/v2\/pages\/28\/revisions\/134035"}],"up":[{"embeddable":true,"href":"https:\/\/www.ggstyle-danceschool.com\/index.php?rest_route=\/wp\/v2\/pages\/8954"}],"wp:attachment":[{"href":"https:\/\/www.ggstyle-danceschool.com\/index.php?rest_route=%2Fwp%2Fv2%2Fmedia&parent=28"}],"curies":[{"name":"wp","href":"https:\/\/api.w.org\/{rel}","templated":true}]}}