{"id":25751,"date":"2021-06-07T08:42:31","date_gmt":"2021-06-07T08:42:31","guid":{"rendered":"https:\/\/www.ggstyle-danceschool.com\/?page_id=25751"},"modified":"2025-11-05T18:27:04","modified_gmt":"2025-11-05T18:27:04","slug":"planning-2021-2022","status":"publish","type":"page","link":"https:\/\/www.ggstyle-danceschool.com\/?page_id=25751","title":{"rendered":"Planning et Tarifs"},"content":{"rendered":"<div class=\"aioseo-breadcrumbs\"><span class=\"aioseo-breadcrumb\">\n\t<a href=\"https:\/\/www.ggstyle-danceschool.com\" title=\"Home\">Home<\/a>\n<\/span><span class=\"aioseo-breadcrumb-separator\">&raquo;<\/span><span class=\"aioseo-breadcrumb\">\n\tPlanning et Tarifs\n<\/span><\/div>\n\n\n<h2 class=\"wp-block-heading\">Planning des cours de danse 2025-2026<\/h2>\n\n\n\n<p>Les cours de danse reprendront le lundi 1er septembre.<\/p>\n\n\n\n<p>Ce planning pourra subir de l\u00e9g\u00e8res modifications d&rsquo;ici la rentr\u00e9e de septembre, merci de votre compr\u00e9hension.<\/p>\n\n\n\n<div class=\"wp-block-buttons is-content-justification-center is-layout-flex wp-container-core-buttons-is-layout-16018d1d wp-block-buttons-is-layout-flex\">\n<div class=\"wp-block-button\"><a class=\"wp-block-button__link has-vivid-red-background-color has-background wp-element-button\" href=\"https:\/\/www.ggstyle-danceschool.com\/?page_id=20019\">Je profite de mon essai offert<\/a><\/div>\n<\/div>\n\n\n\n<div class=\"wp-block-buttons is-content-justification-center is-layout-flex wp-container-core-buttons-is-layout-16018d1d wp-block-buttons-is-layout-flex\">\n<div class=\"wp-block-button\"><a class=\"wp-block-button__link has-vivid-red-background-color has-background wp-element-button\" href=\"https:\/\/www.ggstyle-danceschool.com\/?page_id=134027\">Je m&rsquo;inscris<\/a><\/div>\n<\/div>\n\n\n\n<figure class=\"wp-block-image size-large\"><img loading=\"lazy\" decoding=\"async\" width=\"1024\" height=\"788\" src=\"https:\/\/www.ggstyle-danceschool.com\/wp-content\/uploads\/2025\/11\/COMPLET-5-1024x788.png\" alt=\"\" class=\"wp-image-134128\" srcset=\"https:\/\/www.ggstyle-danceschool.com\/wp-content\/uploads\/2025\/11\/COMPLET-5-1024x788.png 1024w, https:\/\/www.ggstyle-danceschool.com\/wp-content\/uploads\/2025\/11\/COMPLET-5-1536x1182.png 1536w, https:\/\/www.ggstyle-danceschool.com\/wp-content\/uploads\/2025\/11\/COMPLET-5-300x231.png 300w, https:\/\/www.ggstyle-danceschool.com\/wp-content\/uploads\/2025\/11\/COMPLET-5-768x591.png 768w, https:\/\/www.ggstyle-danceschool.com\/wp-content\/uploads\/2025\/11\/COMPLET-5.png 2048w\" sizes=\"auto, (max-width: 1024px) 100vw, 1024px\" \/><\/figure>\n\n\n\n<p class=\"has-white-color has-text-color has-link-color wp-elements-c645e628e62f8fbab9d9726851472d16\"><\/p>\n\n\n\n<h2 class=\"wp-block-heading\">Tarifs 2025-2026<\/h2>\n\n\n\n<figure class=\"wp-block-image size-large\"><img loading=\"lazy\" decoding=\"async\" width=\"1024\" height=\"741\" src=\"https:\/\/www.ggstyle-danceschool.com\/wp-content\/uploads\/2025\/08\/Capture-decran-2025-08-20-a-16.39.11-1024x741.png\" alt=\"\" class=\"wp-image-134069\" srcset=\"https:\/\/www.ggstyle-danceschool.com\/wp-content\/uploads\/2025\/08\/Capture-decran-2025-08-20-a-16.39.11-1024x741.png 1024w, https:\/\/www.ggstyle-danceschool.com\/wp-content\/uploads\/2025\/08\/Capture-decran-2025-08-20-a-16.39.11-1536x1112.png 1536w, https:\/\/www.ggstyle-danceschool.com\/wp-content\/uploads\/2025\/08\/Capture-decran-2025-08-20-a-16.39.11-2048x1483.png 2048w, https:\/\/www.ggstyle-danceschool.com\/wp-content\/uploads\/2025\/08\/Capture-decran-2025-08-20-a-16.39.11-300x217.png 300w, https:\/\/www.ggstyle-danceschool.com\/wp-content\/uploads\/2025\/08\/Capture-decran-2025-08-20-a-16.39.11-768x556.png 768w\" sizes=\"auto, (max-width: 1024px) 100vw, 1024px\" \/><\/figure>\n","protected":false},"excerpt":{"rendered":"<p>Planning des cours de danse 2025-2026 Les cours de danse reprendront le lundi 1er septembre. Ce planning pourra subir de l\u00e9g\u00e8res modifications d&rsquo;ici la rentr\u00e9e de septembre, merci de votre compr\u00e9hension. Tarifs 2025-2026<\/p>\n","protected":false},"author":1,"featured_media":0,"parent":8954,"menu_order":0,"comment_status":"closed","ping_status":"closed","template":"","meta":{"om_disable_all_campaigns":false,"_monsterinsights_skip_tracking":false,"_monsterinsights_sitenote_active":false,"_monsterinsights_sitenote_note":"","_monsterinsights_sitenote_category":0,"footnotes":""},"class_list":["post-25751","page","type-page","status-publish","hentry"],"aioseo_notices":[],"_links":{"self":[{"href":"https:\/\/www.ggstyle-danceschool.com\/index.php?rest_route=\/wp\/v2\/pages\/25751","targetHints":{"allow":["GET"]}}],"collection":[{"href":"https:\/\/www.ggstyle-danceschool.com\/index.php?rest_route=\/wp\/v2\/pages"}],"about":[{"href":"https:\/\/www.ggstyle-danceschool.com\/index.php?rest_route=\/wp\/v2\/types\/page"}],"author":[{"embeddable":true,"href":"https:\/\/www.ggstyle-danceschool.com\/index.php?rest_route=\/wp\/v2\/users\/1"}],"replies":[{"embeddable":true,"href":"https:\/\/www.ggstyle-danceschool.com\/index.php?rest_route=%2Fwp%2Fv2%2Fcomments&post=25751"}],"version-history":[{"count":48,"href":"https:\/\/www.ggstyle-danceschool.com\/index.php?rest_route=\/wp\/v2\/pages\/25751\/revisions"}],"predecessor-version":[{"id":134129,"href":"https:\/\/www.ggstyle-danceschool.com\/index.php?rest_route=\/wp\/v2\/pages\/25751\/revisions\/134129"}],"up":[{"embeddable":true,"href":"https:\/\/www.ggstyle-danceschool.com\/index.php?rest_route=\/wp\/v2\/pages\/8954"}],"wp:attachment":[{"href":"https:\/\/www.ggstyle-danceschool.com\/index.php?rest_route=%2Fwp%2Fv2%2Fmedia&parent=25751"}],"curies":[{"name":"wp","href":"https:\/\/api.w.org\/{rel}","templated":true}]}}