{"id":254,"date":"2019-07-23T09:09:02","date_gmt":"2019-07-23T09:09:02","guid":{"rendered":"http:\/\/www.ggstyle-danceschool.com\/?page_id=254"},"modified":"2025-08-26T17:36:00","modified_gmt":"2025-08-26T17:36:00","slug":"conditions-generales-de-vente","status":"publish","type":"page","link":"https:\/\/www.ggstyle-danceschool.com\/?page_id=254","title":{"rendered":"Conditions G\u00e9n\u00e9rales"},"content":{"rendered":"<div class=\"aioseo-breadcrumbs\"><span class=\"aioseo-breadcrumb\">\n\t<a href=\"https:\/\/www.ggstyle-danceschool.com\" title=\"Home\">Home<\/a>\n<\/span><span class=\"aioseo-breadcrumb-separator\">&raquo;<\/span><span class=\"aioseo-breadcrumb\">\n\t<a href=\"https:\/\/www.ggstyle-danceschool.com\/?page_id=25751\" title=\"Planning et Tarifs\">Planning et Tarifs<\/a>\n<\/span><span class=\"aioseo-breadcrumb-separator\">&raquo;<\/span><span class=\"aioseo-breadcrumb\">\n\t<a href=\"https:\/\/www.ggstyle-danceschool.com\/?page_id=134027\" title=\"Inscription\">Inscription<\/a>\n<\/span><span class=\"aioseo-breadcrumb-separator\">&raquo;<\/span><span class=\"aioseo-breadcrumb\">\n\tConditions G\u00e9n\u00e9rales\n<\/span><\/div>\n\n\n<p>Conditions g\u00e9n\u00e9rales de vente au 20 juillet 2025.<\/p>\n\n\n\n<p>En m\u2019inscrivant \u00e0 l&rsquo;\u00e9cole de danse,  je m\u2019engage \u00e0 respecter les r\u00e8gles de vie de l\u2019\u00e9cole de danse et son r\u00e8glement int\u00e9rieur ; mis en place pour un bon d\u00e9roulement des cours et de la vie au sein de l&rsquo;\u00e9tablissement.<\/p>\n\n\n\n<p>En cas de retard sup\u00e9rieur \u00e0 15 min et\/ou de tenue non adapt\u00e9e, l\u2019acc\u00e8s au cours pourra vous \u00eatre refus\u00e9 sans aucun remboursement.<\/p>\n\n\n\n<p>Le d\u00e9lai de r\u00e9tractation pour les inscriptions prend fin lors du r\u00e8glement (total ou partiel) de l\u2019abonnement.<\/p>\n\n\n\n<p><strong>Toute inscription devient d\u00e9finitive suite au r\u00e8glement de l\u2019inscription (partiel ou total), aucun remboursement ne sera alors effectu\u00e9,&nbsp;<\/strong>pour aucun motif que ce soit. Sur pr\u00e9sentation d\u2019un certificat m\u00e9dical, un report de votre abonnement pourra \u00eatre effectu\u00e9.<\/p>\n\n\n\n<p>Abonnement mensuel : vous \u00eates engag\u00e9 pour un mois de date \u00e0 date.<\/p>\n\n\n\n<p>Abonnement trimestriel : vous \u00eates engag\u00e9 pour 3 mois de date \u00e0 date.<\/p>\n\n\n\n<p>Abonnement annuel et illimit\u00e9 : vous \u00eates engag\u00e9 sur la saison, aucun remboursement possible.<\/p>\n\n\n\n<p>Tout \u00e9l\u00e8ve non \u00e0 jour du paiement de son abonnement pourra se voir refuser l\u2019acc\u00e9s aux cours.<\/p>\n\n\n\n<p>La pr\u00e9sente inscription ne sera effective qu\u2019une fois le r\u00e8glement effectu\u00e9, une inscription non r\u00e9gl\u00e9e ne garanti pas une place dans le cours souhait\u00e9.<\/p>\n\n\n\n<p>En m\u2019inscrivant, j\u2019autorise GG STYLE DANCE SCHOOL \u00e0 utiliser mon image (photos et\/ou vid\u00e9os prises dans le cadre des activit\u00e9s) \u00e0 des fins de promotion, de publicit\u00e9 ou autre.<\/p>\n\n\n\n<p>Dans le cas o\u00f9 le participant ne fournirait pas de certificat m\u00e9dical, il d\u00e9charge l\u2019\u00e9cole de danse ainsi que ses intervenants de toute responsabilit\u00e9 en cas d\u2019accident ou de tout \u00e9v\u00e8nement relatif \u00e0 sa sant\u00e9 et \u00e0 son \u00e9tat physique.<\/p>\n\n\n\n<p>Les cours de danse sont dispens\u00e9s du 1\/09\/2025 au 21\/06\/2026, hors vacances scolaires et jours f\u00e9ri\u00e9s.<\/p>\n\n\n\n<p>En cas de force majeure, le planning pourra \u00eatre adapt\u00e9 et certains cours report\u00e9s ou modifi\u00e9s, ne donnant lieu \u00e0 aucun remboursement.<\/p>\n\n\n\n<p>La participation aux spectacles n&rsquo;est pas obligatoire ; l&rsquo;achat des costumes et des places de spectacle sont \u00e0 la charge des familles.<\/p>\n\n\n\n<p>Le paiement en plusieurs fois (Oney) donnera lieu \u00e0 une majoration du montant de l&rsquo;abonnement (frais Oney) \u00e0 la charge de l&rsquo;\u00e9l\u00e8ve.<\/p>\n\n\n\n<p>Toute inscription vaut acceptation de ces conditions g\u00e9n\u00e9rales de vente et du r\u00e8glement int\u00e9rieur de l&rsquo;\u00e9cole de danse.<\/p>\n","protected":false},"excerpt":{"rendered":"<p>Conditions g\u00e9n\u00e9rales de vente au 20 juillet 2025. En m\u2019inscrivant \u00e0 l&rsquo;\u00e9cole de danse, je m\u2019engage \u00e0 respecter les r\u00e8gles de vie de l\u2019\u00e9cole de danse et son r\u00e8glement int\u00e9rieur ; mis en place pour un bon d\u00e9roulement des cours et de la vie au sein de l&rsquo;\u00e9tablissement. En cas de retard sup\u00e9rieur \u00e0 15 [&hellip;]<\/p>\n","protected":false},"author":1,"featured_media":0,"parent":134027,"menu_order":0,"comment_status":"closed","ping_status":"closed","template":"","meta":{"om_disable_all_campaigns":false,"_monsterinsights_skip_tracking":false,"_monsterinsights_sitenote_active":false,"_monsterinsights_sitenote_note":"","_monsterinsights_sitenote_category":0,"footnotes":""},"class_list":["post-254","page","type-page","status-publish","hentry"],"aioseo_notices":[],"_links":{"self":[{"href":"https:\/\/www.ggstyle-danceschool.com\/index.php?rest_route=\/wp\/v2\/pages\/254","targetHints":{"allow":["GET"]}}],"collection":[{"href":"https:\/\/www.ggstyle-danceschool.com\/index.php?rest_route=\/wp\/v2\/pages"}],"about":[{"href":"https:\/\/www.ggstyle-danceschool.com\/index.php?rest_route=\/wp\/v2\/types\/page"}],"author":[{"embeddable":true,"href":"https:\/\/www.ggstyle-danceschool.com\/index.php?rest_route=\/wp\/v2\/users\/1"}],"replies":[{"embeddable":true,"href":"https:\/\/www.ggstyle-danceschool.com\/index.php?rest_route=%2Fwp%2Fv2%2Fcomments&post=254"}],"version-history":[{"count":12,"href":"https:\/\/www.ggstyle-danceschool.com\/index.php?rest_route=\/wp\/v2\/pages\/254\/revisions"}],"predecessor-version":[{"id":133969,"href":"https:\/\/www.ggstyle-danceschool.com\/index.php?rest_route=\/wp\/v2\/pages\/254\/revisions\/133969"}],"up":[{"embeddable":true,"href":"https:\/\/www.ggstyle-danceschool.com\/index.php?rest_route=\/wp\/v2\/pages\/134027"}],"wp:attachment":[{"href":"https:\/\/www.ggstyle-danceschool.com\/index.php?rest_route=%2Fwp%2Fv2%2Fmedia&parent=254"}],"curies":[{"name":"wp","href":"https:\/\/api.w.org\/{rel}","templated":true}]}}