{"id":20019,"date":"2021-02-02T11:40:23","date_gmt":"2021-02-02T11:40:23","guid":{"rendered":"https:\/\/www.ggstyle-danceschool.com\/?page_id=20019"},"modified":"2025-08-12T15:49:37","modified_gmt":"2025-08-12T15:49:37","slug":"reservation","status":"publish","type":"page","link":"https:\/\/www.ggstyle-danceschool.com\/?page_id=20019","title":{"rendered":"R\u00e9servez votre cours d&rsquo;essai offert"},"content":{"rendered":"<div class=\"aioseo-breadcrumbs\"><span class=\"aioseo-breadcrumb\">\n\t<a href=\"https:\/\/www.ggstyle-danceschool.com\" title=\"Home\">Home<\/a>\n<\/span><span class=\"aioseo-breadcrumb-separator\">&raquo;<\/span><span class=\"aioseo-breadcrumb\">\n\t<a href=\"https:\/\/www.ggstyle-danceschool.com\/?page_id=25751\" title=\"Planning et Tarifs\">Planning et Tarifs<\/a>\n<\/span><span class=\"aioseo-breadcrumb-separator\">&raquo;<\/span><span class=\"aioseo-breadcrumb\">\n\tR\u00e9servez votre cours d\u2019essai offert\n<\/span><\/div>\n\n\n<p>Nous vous offrons la possibilit\u00e9 d&rsquo;essayer chaque cours de danse 1 fois afin de trouver celui qui vous convient le mieux.<\/p>\n\n\n\n<p>Vous pourrez par la suite faire un 2e cours d&rsquo;essai (m\u00eame discipline \/ m\u00eame horaire) au tarif de 10\u20ac.<\/p>\n\n\n\n<p>Les cours suivant seront au prix de 17\u20ac.<\/p>\n\n\n\n<h2 class=\"wp-block-heading\">Pour essayer un cours de danse merci de remplir le formulaire suivant<\/h2>\n\n\n<style id=\"wpforms-css-vars-133564-block-503b4028-9234-4dd0-a216-6b1452c05776\">\n\t\t\t\t#wpforms-133564.wpforms-block-503b4028-9234-4dd0-a216-6b1452c05776 {\n\t\t\t\t--wpforms-label-color: #ffffff;\n--wpforms-field-border-color: #cf2e2e;\n--wpforms-field-border-color-spare: #cf2e2e;\n--wpforms-field-text-color: #000000;\n--wpforms-field-menu-color: rgba( 0, 0, 0, 0 );\n--wpforms-button-background-color: #cf2e2e;\n--wpforms-field-size-input-height: 43px;\n--wpforms-field-size-input-spacing: 15px;\n--wpforms-field-size-font-size: 16px;\n--wpforms-field-size-line-height: 19px;\n--wpforms-field-size-padding-h: 14px;\n--wpforms-field-size-checkbox-size: 16px;\n--wpforms-field-size-sublabel-spacing: 5px;\n--wpforms-field-size-icon-size: 1;\n--wpforms-label-size-font-size: 16px;\n--wpforms-label-size-line-height: 19px;\n--wpforms-label-size-sublabel-font-size: 14px;\n--wpforms-label-size-sublabel-line-height: 17px;\n--wpforms-button-size-font-size: 17px;\n--wpforms-button-size-height: 41px;\n--wpforms-button-size-padding-h: 15px;\n--wpforms-button-size-margin-top: 10px;\n\t\t\t}\n\t\t\t<\/style><div class=\"wpforms-container wpforms-container-full wpforms-block wpforms-block-503b4028-9234-4dd0-a216-6b1452c05776 wpforms-render-modern\" id=\"wpforms-133564\"><form id=\"wpforms-form-133564\" class=\"wpforms-validate wpforms-form wpforms-ajax-form\" data-formid=\"133564\" method=\"post\" enctype=\"multipart\/form-data\" action=\"\/index.php?rest_route=%2Fwp%2Fv2%2Fpages%2F20019\" data-token=\"8e332a26f73d763b27a8a3240618d2a9\" data-token-time=\"1776311366\"><noscript class=\"wpforms-error-noscript\">Veuillez activer JavaScript dans votre navigateur pour remplir ce formulaire.<\/noscript><div id=\"wpforms-error-noscript\" style=\"display: none;\">Veuillez activer JavaScript dans votre navigateur pour remplir ce formulaire.<\/div><div class=\"wpforms-field-container\"><div id=\"wpforms-133564-field_6-container\" class=\"wpforms-field wpforms-field-name\" data-field-id=\"6\"><fieldset><legend class=\"wpforms-field-label\">Nom du danseur <span class=\"wpforms-required-label\" aria-hidden=\"true\">*<\/span><\/legend><div class=\"wpforms-field-row wpforms-field-medium\"><div class=\"wpforms-field-row-block wpforms-first wpforms-one-half\"><input type=\"text\" id=\"wpforms-133564-field_6\" class=\"wpforms-field-name-first wpforms-field-required\" name=\"wpforms[fields][6][first]\" aria-errormessage=\"wpforms-133564-field_6-error\" required><label for=\"wpforms-133564-field_6\" class=\"wpforms-field-sublabel after\">Pr\u00e9nom<\/label><\/div><div class=\"wpforms-field-row-block wpforms-one-half\"><input type=\"text\" id=\"wpforms-133564-field_6-last\" class=\"wpforms-field-name-last wpforms-field-required\" name=\"wpforms[fields][6][last]\" aria-errormessage=\"wpforms-133564-field_6-last-error\" required><label for=\"wpforms-133564-field_6-last\" class=\"wpforms-field-sublabel after\">Nom<\/label><\/div><\/div><\/fieldset><\/div><div id=\"wpforms-133564-field_14-container\" class=\"wpforms-field wpforms-field-text\" data-field-id=\"14\"><label class=\"wpforms-field-label\" for=\"wpforms-133564-field_14\">Date de Naissance <span class=\"wpforms-required-label\" aria-hidden=\"true\">*<\/span><\/label><input type=\"text\" id=\"wpforms-133564-field_14\" class=\"wpforms-field-medium wpforms-field-required\" name=\"wpforms[fields][14]\" aria-errormessage=\"wpforms-133564-field_14-error\" required><\/div><div id=\"wpforms-133564-field_8-container\" class=\"wpforms-field wpforms-field-name\" data-field-id=\"8\"><fieldset><legend class=\"wpforms-field-label\">Nom du tuteur l\u00e9gal pour les mineurs<\/legend><div class=\"wpforms-field-row wpforms-field-medium\"><div class=\"wpforms-field-row-block wpforms-first wpforms-one-half\"><input type=\"text\" id=\"wpforms-133564-field_8\" class=\"wpforms-field-name-first\" name=\"wpforms[fields][8][first]\" aria-errormessage=\"wpforms-133564-field_8-error\" ><label for=\"wpforms-133564-field_8\" class=\"wpforms-field-sublabel after\">Pr\u00e9nom<\/label><\/div><div class=\"wpforms-field-row-block wpforms-one-half\"><input type=\"text\" id=\"wpforms-133564-field_8-last\" class=\"wpforms-field-name-last\" name=\"wpforms[fields][8][last]\" aria-errormessage=\"wpforms-133564-field_8-last-error\" ><label for=\"wpforms-133564-field_8-last\" class=\"wpforms-field-sublabel after\">Nom<\/label><\/div><\/div><\/fieldset><\/div><div id=\"wpforms-133564-field_9-container\" class=\"wpforms-field wpforms-field-email\" data-field-id=\"9\"><label class=\"wpforms-field-label\" for=\"wpforms-133564-field_9\">E-mail <span class=\"wpforms-required-label\" aria-hidden=\"true\">*<\/span><\/label><input type=\"email\" id=\"wpforms-133564-field_9\" class=\"wpforms-field-medium wpforms-field-required\" name=\"wpforms[fields][9]\" spellcheck=\"false\" aria-errormessage=\"wpforms-133564-field_9-error\" required><\/div><div id=\"wpforms-133564-field_10-container\" class=\"wpforms-field wpforms-field-text\" data-field-id=\"10\"><label class=\"wpforms-field-label\" for=\"wpforms-133564-field_10\">Num\u00e9ro de portable <span class=\"wpforms-required-label\" aria-hidden=\"true\">*<\/span><\/label><input type=\"text\" id=\"wpforms-133564-field_10\" class=\"wpforms-field-medium wpforms-field-required\" name=\"wpforms[fields][10]\" aria-errormessage=\"wpforms-133564-field_10-error\" required><\/div>\t\t<div id=\"wpforms-133564-field_1-container\"\n\t\t\tclass=\"wpforms-field wpforms-field-text\"\n\t\t\tdata-field-type=\"text\"\n\t\t\tdata-field-id=\"1\"\n\t\t\t>\n\t\t\t<label class=\"wpforms-field-label\" for=\"wpforms-133564-field_1\" >l&#039;heure Naissance Nom<\/label>\n\t\t\t<input type=\"text\" id=\"wpforms-133564-field_1\" class=\"wpforms-field-medium\" name=\"wpforms[fields][1]\" >\n\t\t<\/div>\n\t\t<div id=\"wpforms-133564-field_12-container\" class=\"wpforms-field wpforms-field-textarea\" data-field-id=\"12\"><label class=\"wpforms-field-label\" for=\"wpforms-133564-field_12\">Indiquez ici l&#039;intitul\u00e9 du cours que vous souhaitez essayer, la date et l&#039;heure souhait\u00e9e <span class=\"wpforms-required-label\" aria-hidden=\"true\">*<\/span><\/label><textarea id=\"wpforms-133564-field_12\" class=\"wpforms-field-medium wpforms-field-required\" name=\"wpforms[fields][12]\" aria-errormessage=\"wpforms-133564-field_12-error\" required><\/textarea><\/div><div id=\"wpforms-133564-field_13-container\" class=\"wpforms-field wpforms-field-checkbox\" data-field-id=\"13\"><fieldset><legend class=\"wpforms-field-label\">Cases \u00e0 cocher <span class=\"wpforms-required-label\" aria-hidden=\"true\">*<\/span><\/legend><ul id=\"wpforms-133564-field_13\" class=\"wpforms-field-required\"><li class=\"choice-1 depth-1\"><input type=\"checkbox\" id=\"wpforms-133564-field_13_1\" name=\"wpforms[fields][13][]\" value=\"Je souhaite essayer un cours de danse gratuitement, je d\u00e9charge l&#039;\u00e9cole de danse et les professeurs de toute responsabilit\u00e9 en cas d&#039;accident.\" aria-errormessage=\"wpforms-133564-field_13_1-error\" required ><label class=\"wpforms-field-label-inline\" for=\"wpforms-133564-field_13_1\">Je souhaite essayer un cours de danse gratuitement, je d\u00e9charge l&rsquo;\u00e9cole de danse et les professeurs de toute responsabilit\u00e9 en cas d&rsquo;accident.<\/label><\/li><\/ul><\/fieldset><\/div><script>\n\t\t\t\t( function() {\n\t\t\t\t\tconst style = document.createElement( 'style' );\n\t\t\t\t\tstyle.appendChild( document.createTextNode( '#wpforms-133564-field_1-container { position: absolute !important; overflow: hidden !important; display: inline !important; height: 1px !important; width: 1px !important; z-index: -1000 !important; padding: 0 !important; } #wpforms-133564-field_1-container input { visibility: hidden; } #wpforms-conversational-form-page #wpforms-133564-field_1-container label { counter-increment: none; }' ) );\n\t\t\t\t\tdocument.head.appendChild( style );\n\t\t\t\t\tdocument.currentScript?.remove();\n\t\t\t\t} )();\n\t\t\t<\/script><\/div><!-- .wpforms-field-container --><div class=\"wpforms-submit-container\" ><input type=\"hidden\" name=\"wpforms[id]\" value=\"133564\"><input type=\"hidden\" name=\"page_title\" value=\"\"><input type=\"hidden\" name=\"page_url\" value=\"https:\/\/www.ggstyle-danceschool.com\/index.php?rest_route=\/wp\/v2\/pages\/20019\"><input type=\"hidden\" name=\"url_referer\" value=\"\"><button type=\"submit\" name=\"wpforms[submit]\" id=\"wpforms-submit-133564\" class=\"wpforms-submit\" data-alt-text=\"Envoi...\" data-submit-text=\"Envoyer\" aria-live=\"assertive\" value=\"wpforms-submit\">Envoyer<\/button><img loading=\"lazy\" decoding=\"async\" src=\"https:\/\/www.ggstyle-danceschool.com\/wp-content\/plugins\/wpforms-lite\/assets\/images\/submit-spin.svg\" class=\"wpforms-submit-spinner\" style=\"display: none;\" width=\"26\" height=\"26\" alt=\"Chargement en cours\"><\/div><\/form><\/div>  <!-- .wpforms-container -->","protected":false},"excerpt":{"rendered":"<p>Nous vous offrons la possibilit\u00e9 d&rsquo;essayer chaque cours de danse 1 fois afin de trouver celui qui vous convient le mieux. Vous pourrez par la suite faire un 2e cours d&rsquo;essai (m\u00eame discipline \/ m\u00eame horaire) au tarif de 10\u20ac. Les cours suivant seront au prix de 17\u20ac. Pour essayer un cours de danse merci [&hellip;]<\/p>\n","protected":false},"author":1,"featured_media":0,"parent":25751,"menu_order":0,"comment_status":"closed","ping_status":"closed","template":"","meta":{"om_disable_all_campaigns":false,"_monsterinsights_skip_tracking":false,"_monsterinsights_sitenote_active":false,"_monsterinsights_sitenote_note":"","_monsterinsights_sitenote_category":0,"footnotes":""},"class_list":["post-20019","page","type-page","status-publish","hentry"],"aioseo_notices":[],"_links":{"self":[{"href":"https:\/\/www.ggstyle-danceschool.com\/index.php?rest_route=\/wp\/v2\/pages\/20019","targetHints":{"allow":["GET"]}}],"collection":[{"href":"https:\/\/www.ggstyle-danceschool.com\/index.php?rest_route=\/wp\/v2\/pages"}],"about":[{"href":"https:\/\/www.ggstyle-danceschool.com\/index.php?rest_route=\/wp\/v2\/types\/page"}],"author":[{"embeddable":true,"href":"https:\/\/www.ggstyle-danceschool.com\/index.php?rest_route=\/wp\/v2\/users\/1"}],"replies":[{"embeddable":true,"href":"https:\/\/www.ggstyle-danceschool.com\/index.php?rest_route=%2Fwp%2Fv2%2Fcomments&post=20019"}],"version-history":[{"count":36,"href":"https:\/\/www.ggstyle-danceschool.com\/index.php?rest_route=\/wp\/v2\/pages\/20019\/revisions"}],"predecessor-version":[{"id":133985,"href":"https:\/\/www.ggstyle-danceschool.com\/index.php?rest_route=\/wp\/v2\/pages\/20019\/revisions\/133985"}],"up":[{"embeddable":true,"href":"https:\/\/www.ggstyle-danceschool.com\/index.php?rest_route=\/wp\/v2\/pages\/25751"}],"wp:attachment":[{"href":"https:\/\/www.ggstyle-danceschool.com\/index.php?rest_route=%2Fwp%2Fv2%2Fmedia&parent=20019"}],"curies":[{"name":"wp","href":"https:\/\/api.w.org\/{rel}","templated":true}]}}