{"id":134156,"date":"2026-05-04T14:42:18","date_gmt":"2026-05-04T14:42:18","guid":{"rendered":"https:\/\/www.ggstyle-danceschool.com\/?page_id=134156"},"modified":"2026-05-04T14:42:45","modified_gmt":"2026-05-04T14:42:45","slug":"spectacle-2026","status":"publish","type":"page","link":"https:\/\/www.ggstyle-danceschool.com\/?page_id=134156","title":{"rendered":"Spectacle 2026"},"content":{"rendered":"\n<p>La sp\u00e9cialit\u00e9 de la GG Style Dance School, c&rsquo;est de cr\u00e9er des spectacles uniques. Cette ann\u00e9e, nous allons revisiter la com\u00e9die musicale de l\u00e9gende The Greatest Showman.<\/p>\n\n\n\n<p>Venez d\u00e9couvrir le travail de nos \u00e9l\u00e8ves et leurs professeurs et passer un moment riche en \u00e9motion et en \u00e9nergie avec nous!<\/p>\n\n\n<div class=\"wp-block-image is-style-default\">\n<figure class=\"aligncenter size-large\"><img loading=\"lazy\" decoding=\"async\" width=\"724\" height=\"1024\" src=\"https:\/\/www.ggstyle-danceschool.com\/wp-content\/uploads\/2026\/05\/Greatest-724x1024.png\" alt=\"\" class=\"wp-image-134157\" srcset=\"https:\/\/www.ggstyle-danceschool.com\/wp-content\/uploads\/2026\/05\/Greatest-724x1024.png 724w, https:\/\/www.ggstyle-danceschool.com\/wp-content\/uploads\/2026\/05\/Greatest-1086x1536.png 1086w, https:\/\/www.ggstyle-danceschool.com\/wp-content\/uploads\/2026\/05\/Greatest-1449x2048.png 1449w, https:\/\/www.ggstyle-danceschool.com\/wp-content\/uploads\/2026\/05\/Greatest-212x300.png 212w, https:\/\/www.ggstyle-danceschool.com\/wp-content\/uploads\/2026\/05\/Greatest-768x1086.png 768w, https:\/\/www.ggstyle-danceschool.com\/wp-content\/uploads\/2026\/05\/Greatest.png 1588w\" sizes=\"auto, (max-width: 724px) 100vw, 724px\" \/><\/figure>\n<\/div>\n\n\n<p><a href=\"https:\/\/www.billetweb.fr\/the-greatest-showman-by-gg-style-dance-school\" target=\"_blank\" rel=\"noreferrer noopener\"><\/a><\/p>\n\n\n\n<a title=\"Vente de billets en ligne\" href=\"https:\/\/www.billetweb.fr\/shop.php?event=the-greatest-showman-by-gg-style-dance-school\"  class=\"shop_frame\"  target=\"_blank\"  data-src=\"https:\/\/www.billetweb.fr\/shop.php?event=the-greatest-showman-by-gg-style-dance-school\"  data-max-width=\"100%\"  data-initial-height=\"600\" data-scrolling=\"no\"  data-id=\"the-greatest-showman-by-gg-style-dance-school\"  data-resize=\"1\">Vente de billets en ligne<\/a><script type=\"text\/javascript\" src=\"https:\/\/www.billetweb.fr\/js\/export.js\"><\/script>\n","protected":false},"excerpt":{"rendered":"<p>La sp\u00e9cialit\u00e9 de la GG Style Dance School, c&rsquo;est de cr\u00e9er des spectacles uniques. Cette ann\u00e9e, nous allons revisiter la com\u00e9die musicale de l\u00e9gende The Greatest Showman. Venez d\u00e9couvrir le travail de nos \u00e9l\u00e8ves et leurs professeurs et passer un moment riche en \u00e9motion et en \u00e9nergie avec nous! Vente de billets en ligne<\/p>\n","protected":false},"author":1,"featured_media":0,"parent":0,"menu_order":0,"comment_status":"closed","ping_status":"closed","template":"","meta":{"om_disable_all_campaigns":false,"_monsterinsights_skip_tracking":false,"_monsterinsights_sitenote_active":false,"_monsterinsights_sitenote_note":"","_monsterinsights_sitenote_category":0,"footnotes":""},"class_list":["post-134156","page","type-page","status-publish","hentry"],"aioseo_notices":[],"_links":{"self":[{"href":"https:\/\/www.ggstyle-danceschool.com\/index.php?rest_route=\/wp\/v2\/pages\/134156","targetHints":{"allow":["GET"]}}],"collection":[{"href":"https:\/\/www.ggstyle-danceschool.com\/index.php?rest_route=\/wp\/v2\/pages"}],"about":[{"href":"https:\/\/www.ggstyle-danceschool.com\/index.php?rest_route=\/wp\/v2\/types\/page"}],"author":[{"embeddable":true,"href":"https:\/\/www.ggstyle-danceschool.com\/index.php?rest_route=\/wp\/v2\/users\/1"}],"replies":[{"embeddable":true,"href":"https:\/\/www.ggstyle-danceschool.com\/index.php?rest_route=%2Fwp%2Fv2%2Fcomments&post=134156"}],"version-history":[{"count":5,"href":"https:\/\/www.ggstyle-danceschool.com\/index.php?rest_route=\/wp\/v2\/pages\/134156\/revisions"}],"predecessor-version":[{"id":134164,"href":"https:\/\/www.ggstyle-danceschool.com\/index.php?rest_route=\/wp\/v2\/pages\/134156\/revisions\/134164"}],"wp:attachment":[{"href":"https:\/\/www.ggstyle-danceschool.com\/index.php?rest_route=%2Fwp%2Fv2%2Fmedia&parent=134156"}],"curies":[{"name":"wp","href":"https:\/\/api.w.org\/{rel}","templated":true}]}}