{"id":134136,"date":"2026-03-14T11:52:28","date_gmt":"2026-03-14T11:52:28","guid":{"rendered":"https:\/\/www.ggstyle-danceschool.com\/?page_id=134136"},"modified":"2026-03-17T20:06:19","modified_gmt":"2026-03-17T20:06:19","slug":"inscription-spectacle-2026","status":"publish","type":"page","link":"https:\/\/www.ggstyle-danceschool.com\/?page_id=134136","title":{"rendered":"Inscription Spectacle 2026"},"content":{"rendered":"<div class=\"aioseo-breadcrumbs\"><span class=\"aioseo-breadcrumb\">\n\t<a href=\"https:\/\/www.ggstyle-danceschool.com\" title=\"Home\">Home<\/a>\n<\/span><span class=\"aioseo-breadcrumb-separator\">&raquo;<\/span><span class=\"aioseo-breadcrumb\">\n\tInscription Spectacle 2026\n<\/span><\/div>\n\n\n<p>Bonjour \u00e0 tous,<br>Voici le moment venu de vous inscrire pour participer au spectacle de fin d&rsquo;ann\u00e9e qui se d\u00e9roulera cette ann\u00e9e<br>le DIMANCHE 14 JUIN \u00e0 la salle de l&rsquo;\u00e9toile de Ch\u00e2teaurenard.<br>Merci de compl\u00e9ter soigneusement le formulaire avant le 30 mars 2026, accompagn\u00e9 du r\u00e8glement correspondant au nombre de costume (1 costume par chor\u00e9graphie).<br>Votre inscription est ferme et d\u00e9finitive : pas de remboursement de costume possible.<br>IL NE SERA PAS POSSIBLE DE S&rsquo;INSCRIRE APRES LE 30\/03\/2026.<\/p>\n\n\n\n<p>Devant le succ\u00e8s de notre spectacle et les places \u00e9tant limit\u00e9es dans la salle, et afin que chaque famille puisse assister au spectacle, nous donnerons 2 repr\u00e9sentations ce m\u00eame jour &nbsp;\u00e0 14h00 &amp; 18h00 (m\u00eame spectacle).&nbsp;<\/p>\n\n\n\n<p><strong>La participation des danseurs est obligatoire aux 2 repr\u00e9sentations<\/strong>&nbsp;\u00e0 l&rsquo;exception des groupes ci-dessous :&nbsp;<\/p>\n\n\n\n<p>1\/ les Baby Hip-Hop 3-4 et 5 ans, et les groupes d&rsquo;Eveil 4-5 ans.<\/p>\n\n\n\n<p>2\/ les groupes de Break (adultes et enfants), &nbsp;Hip-hop 6-9 ans, Heels, &nbsp;Ragga, Classique 6-9 ans, KPop.<\/p>\n\n\n\n<p><strong>Qui ne feront qu&rsquo;une repr\u00e9sentation sur les 2 \u00a0(affichage \u00e0 l&rsquo;\u00e9cole et whatsapp).<\/strong><\/p>\n\n\n\n<p>Chaque \u00e9l\u00e8ve devra acheter son (ses) costume (s), le prix d&rsquo;achat unitaire est fix\u00e9 \u00e0 25\u20ac (groupes enfants jusqu&rsquo;au 6-9 ans) et 35\u20ac Ado-Adultes (groupes \u00e0 partir de 10 ans).<\/p>\n\n\n\n<p>En s&rsquo;inscrivant \u00e0 participer au spectacle, chaque danseur s&rsquo;engage \u00e0 : \u00a0<\/p>\n\n\n\n<ul class=\"wp-block-list\">\n<li>\u00eatre\u00a0<strong>assidu dans les cours<\/strong>, \u00e0 participer \u00e0\u00a0<strong>au moins 1 filage<\/strong>\u00a0(r\u00e9p\u00e9tition dans les conditions de spectacle ayant lieu \u00e0 l&rsquo;\u00e9cole, parmi les 3 dates propos\u00e9es : 17 mai, 24 mai ou 07 juin (bloquez l&rsquo;apr\u00e8s-midi compl\u00e8te pour l&rsquo;instant, les horaires vous seront communiqu\u00e9s plus tard) ;<\/li>\n\n\n\n<li> \u00e0\u00a0<strong>assister \u00e0 la r\u00e9p\u00e9tition g\u00e9n\u00e9rale\u00a0<\/strong>la samedi 13 juin (les horaires vous seront \u00e9galement communiqu\u00e9s plus tard) ;<\/li>\n\n\n\n<li> <strong>respecter les consignes\u00a0<\/strong>donn\u00e9es par la direction et\/ou professeurs.<\/li>\n<\/ul>\n\n\n\n<p>Les places de spectacle sont num\u00e9rot\u00e9es, elles seront mises \u00e0 la vente \u00e0 compter du lundi 4 mai 2026 au tarif unitaire de 19\u20ac  (tarif unique) via un lien internet ou \u00e0 l&rsquo;accueil de l&rsquo;\u00e9cole (gratuit pour les enfants de moins de 2 ans sur les genoux).<\/p>\n\n\n\n<p>Nous restons bien s\u00fbr, \u00e0 votre disposition pour tous renseignements compl\u00e9mentaires.<\/p>\n\n\n\n<p>ATTENTION CE LIEN NE PERMET PAS DE RESERVER DES PLACES SPECTATEURS;<\/p>\n\n\n\n<div class=\"wp-block-buttons is-content-justification-center is-layout-flex wp-container-core-buttons-is-layout-16018d1d wp-block-buttons-is-layout-flex\">\n<div class=\"wp-block-button\"><a class=\"wp-block-button__link has-white-color has-vivid-red-background-color has-text-color has-background has-link-color has-text-align-center wp-element-button\" href=\"https:\/\/www.helloasso.com\/associations\/asso-gg-style\/evenements\/inscription-spectacle-danseurs?_gl=1%2a6uhe9b%2a_gcl_au%2aMTc5OTkyMzQzNC4xNzczNDExMzM5LjEzMzUwMDA3MS4xNzczNDg4Nzg3LjE3NzM0ODg5MjA.\">Je veux participer au spectacle<\/a><\/div>\n<\/div>\n","protected":false},"excerpt":{"rendered":"<p>Bonjour \u00e0 tous,Voici le moment venu de vous inscrire pour participer au spectacle de fin d&rsquo;ann\u00e9e qui se d\u00e9roulera cette ann\u00e9ele DIMANCHE 14 JUIN \u00e0 la salle de l&rsquo;\u00e9toile de Ch\u00e2teaurenard.Merci de compl\u00e9ter soigneusement le formulaire avant le 30 mars 2026, accompagn\u00e9 du r\u00e8glement correspondant au nombre de costume (1 costume par chor\u00e9graphie).Votre inscription est [&hellip;]<\/p>\n","protected":false},"author":1,"featured_media":0,"parent":0,"menu_order":0,"comment_status":"closed","ping_status":"closed","template":"","meta":{"om_disable_all_campaigns":false,"_monsterinsights_skip_tracking":false,"_monsterinsights_sitenote_active":false,"_monsterinsights_sitenote_note":"","_monsterinsights_sitenote_category":0,"footnotes":""},"class_list":["post-134136","page","type-page","status-publish","hentry"],"aioseo_notices":[],"_links":{"self":[{"href":"https:\/\/www.ggstyle-danceschool.com\/index.php?rest_route=\/wp\/v2\/pages\/134136","targetHints":{"allow":["GET"]}}],"collection":[{"href":"https:\/\/www.ggstyle-danceschool.com\/index.php?rest_route=\/wp\/v2\/pages"}],"about":[{"href":"https:\/\/www.ggstyle-danceschool.com\/index.php?rest_route=\/wp\/v2\/types\/page"}],"author":[{"embeddable":true,"href":"https:\/\/www.ggstyle-danceschool.com\/index.php?rest_route=\/wp\/v2\/users\/1"}],"replies":[{"embeddable":true,"href":"https:\/\/www.ggstyle-danceschool.com\/index.php?rest_route=%2Fwp%2Fv2%2Fcomments&post=134136"}],"version-history":[{"count":6,"href":"https:\/\/www.ggstyle-danceschool.com\/index.php?rest_route=\/wp\/v2\/pages\/134136\/revisions"}],"predecessor-version":[{"id":134148,"href":"https:\/\/www.ggstyle-danceschool.com\/index.php?rest_route=\/wp\/v2\/pages\/134136\/revisions\/134148"}],"wp:attachment":[{"href":"https:\/\/www.ggstyle-danceschool.com\/index.php?rest_route=%2Fwp%2Fv2%2Fmedia&parent=134136"}],"curies":[{"name":"wp","href":"https:\/\/api.w.org\/{rel}","templated":true}]}}