{"id":134074,"date":"2025-08-20T16:59:10","date_gmt":"2025-08-20T16:59:10","guid":{"rendered":"https:\/\/www.ggstyle-danceschool.com\/?page_id=134074"},"modified":"2025-08-20T17:33:16","modified_gmt":"2025-08-20T17:33:16","slug":"agenda","status":"publish","type":"page","link":"https:\/\/www.ggstyle-danceschool.com\/?page_id=134074","title":{"rendered":"Agenda"},"content":{"rendered":"<div class=\"aioseo-breadcrumbs\"><span class=\"aioseo-breadcrumb\">\n\t<a href=\"https:\/\/www.ggstyle-danceschool.com\" title=\"Home\">Home<\/a>\n<\/span><span class=\"aioseo-breadcrumb-separator\">&raquo;<\/span><span class=\"aioseo-breadcrumb\">\n\tAgenda\n<\/span><\/div>\n\n\n<p>Retrouvez toutes les dates importantes \u00e0 noter dans vos agendas!<\/p>\n\n\n\n<h2 class=\"wp-block-heading\">Dimanche 21 d\u00e9cembre 2025<\/h2>\n\n\n\n<p>Spectacle de No\u00ebl  \u00e0 la salle des f\u00eates La Pastourelle \u00e0 Saint Saturnin Les Avignon<\/p>\n\n\n\n<h2 class=\"wp-block-heading\">Dimanche 14 juin 2026<\/h2>\n\n\n\n<p>Spectacle de fin d&rsquo;ann\u00e9e \u00e0 la salle de l&rsquo;Etoile de Chateaurenard<\/p>\n","protected":false},"excerpt":{"rendered":"<p>Retrouvez toutes les dates importantes \u00e0 noter dans vos agendas! Dimanche 21 d\u00e9cembre 2025 Spectacle de No\u00ebl \u00e0 la salle des f\u00eates La Pastourelle \u00e0 Saint Saturnin Les Avignon Dimanche 14 juin 2026 Spectacle de fin d&rsquo;ann\u00e9e \u00e0 la salle de l&rsquo;Etoile de Chateaurenard<\/p>\n","protected":false},"author":1,"featured_media":133893,"parent":0,"menu_order":0,"comment_status":"closed","ping_status":"closed","template":"","meta":{"om_disable_all_campaigns":false,"_monsterinsights_skip_tracking":false,"_monsterinsights_sitenote_active":false,"_monsterinsights_sitenote_note":"","_monsterinsights_sitenote_category":0,"footnotes":""},"class_list":["post-134074","page","type-page","status-publish","has-post-thumbnail","hentry"],"aioseo_notices":[],"_links":{"self":[{"href":"https:\/\/www.ggstyle-danceschool.com\/index.php?rest_route=\/wp\/v2\/pages\/134074","targetHints":{"allow":["GET"]}}],"collection":[{"href":"https:\/\/www.ggstyle-danceschool.com\/index.php?rest_route=\/wp\/v2\/pages"}],"about":[{"href":"https:\/\/www.ggstyle-danceschool.com\/index.php?rest_route=\/wp\/v2\/types\/page"}],"author":[{"embeddable":true,"href":"https:\/\/www.ggstyle-danceschool.com\/index.php?rest_route=\/wp\/v2\/users\/1"}],"replies":[{"embeddable":true,"href":"https:\/\/www.ggstyle-danceschool.com\/index.php?rest_route=%2Fwp%2Fv2%2Fcomments&post=134074"}],"version-history":[{"count":2,"href":"https:\/\/www.ggstyle-danceschool.com\/index.php?rest_route=\/wp\/v2\/pages\/134074\/revisions"}],"predecessor-version":[{"id":134082,"href":"https:\/\/www.ggstyle-danceschool.com\/index.php?rest_route=\/wp\/v2\/pages\/134074\/revisions\/134082"}],"wp:featuredmedia":[{"embeddable":true,"href":"https:\/\/www.ggstyle-danceschool.com\/index.php?rest_route=\/wp\/v2\/media\/133893"}],"wp:attachment":[{"href":"https:\/\/www.ggstyle-danceschool.com\/index.php?rest_route=%2Fwp%2Fv2%2Fmedia&parent=134074"}],"curies":[{"name":"wp","href":"https:\/\/api.w.org\/{rel}","templated":true}]}}