{"id":134027,"date":"2025-08-11T11:15:06","date_gmt":"2025-08-11T11:15:06","guid":{"rendered":"https:\/\/www.ggstyle-danceschool.com\/?page_id=134027"},"modified":"2025-08-12T15:50:15","modified_gmt":"2025-08-12T15:50:15","slug":"inscription","status":"publish","type":"page","link":"https:\/\/www.ggstyle-danceschool.com\/?page_id=134027","title":{"rendered":"Inscription"},"content":{"rendered":"<div class=\"aioseo-breadcrumbs\"><span class=\"aioseo-breadcrumb\">\n\t<a href=\"https:\/\/www.ggstyle-danceschool.com\" title=\"Home\">Home<\/a>\n<\/span><span class=\"aioseo-breadcrumb-separator\">&raquo;<\/span><span class=\"aioseo-breadcrumb\">\n\t<a href=\"https:\/\/www.ggstyle-danceschool.com\/?page_id=25751\" title=\"Planning et Tarifs\">Planning et Tarifs<\/a>\n<\/span><span class=\"aioseo-breadcrumb-separator\">&raquo;<\/span><span class=\"aioseo-breadcrumb\">\n\tInscription\n<\/span><\/div>\n\n\n<p>Ici vous allez pouvoir faire votre inscription \u00e0 l&rsquo;\u00e9cole de danse, nous n&rsquo;avons pas de dossier papier, remplissez donc ce formulaire avec soin.<\/p>\n\n\n\n<p>Le paiement se fera directement \u00e0 l&rsquo;accueil de l&rsquo;\u00e9cole, seule une inscription r\u00e9gl\u00e9e en totalit\u00e9 vous garantie une place dans le(s) cours d\u00e9sir\u00e9(s).<\/p>\n\n\n<style id=\"wpforms-css-vars-133685-block-4874eae4-32bd-48a4-94e5-4e773186d99d\">\n\t\t\t\t#wpforms-133685.wpforms-block-4874eae4-32bd-48a4-94e5-4e773186d99d {\n\t\t\t\t--wpforms-label-color: #ffffff;\n--wpforms-field-border-color: #cf2e2e;\n--wpforms-field-border-color-spare: #cf2e2e;\n--wpforms-field-text-color: #000000;\n--wpforms-field-menu-color: rgba( 0, 0, 0, 0 );\n--wpforms-button-background-color: #cf2e2e;\n--wpforms-field-size-input-height: 43px;\n--wpforms-field-size-input-spacing: 15px;\n--wpforms-field-size-font-size: 16px;\n--wpforms-field-size-line-height: 19px;\n--wpforms-field-size-padding-h: 14px;\n--wpforms-field-size-checkbox-size: 16px;\n--wpforms-field-size-sublabel-spacing: 5px;\n--wpforms-field-size-icon-size: 1;\n--wpforms-label-size-font-size: 16px;\n--wpforms-label-size-line-height: 19px;\n--wpforms-label-size-sublabel-font-size: 14px;\n--wpforms-label-size-sublabel-line-height: 17px;\n--wpforms-button-size-font-size: 17px;\n--wpforms-button-size-height: 41px;\n--wpforms-button-size-padding-h: 15px;\n--wpforms-button-size-margin-top: 10px;\n\t\t\t}\n\t\t\t<\/style><div class=\"wpforms-container wpforms-container-full wpforms-block wpforms-block-4874eae4-32bd-48a4-94e5-4e773186d99d wpforms-render-modern\" id=\"wpforms-133685\"><form id=\"wpforms-form-133685\" class=\"wpforms-validate wpforms-form wpforms-ajax-form\" data-formid=\"133685\" method=\"post\" enctype=\"multipart\/form-data\" action=\"\/index.php?rest_route=%2Fwp%2Fv2%2Fpages%2F134027\" data-token=\"e0817e3da8109b8355bc28f7c9615154\" data-token-time=\"1776311375\"><noscript class=\"wpforms-error-noscript\">Veuillez activer JavaScript dans votre navigateur pour remplir ce formulaire.<\/noscript><div id=\"wpforms-error-noscript\" style=\"display: none;\">Veuillez activer JavaScript dans votre navigateur pour remplir ce formulaire.<\/div><div class=\"wpforms-field-container\"><div id=\"wpforms-133685-field_1-container\" class=\"wpforms-field wpforms-field-name\" data-field-id=\"1\"><fieldset><legend class=\"wpforms-field-label\">Nom de l&#039;\u00e9l\u00e8ve <span class=\"wpforms-required-label\" aria-hidden=\"true\">*<\/span><\/legend><div class=\"wpforms-field-row wpforms-field-medium\"><div class=\"wpforms-field-row-block wpforms-first wpforms-one-half\"><input type=\"text\" id=\"wpforms-133685-field_1\" class=\"wpforms-field-name-first wpforms-field-required\" name=\"wpforms[fields][1][first]\" aria-errormessage=\"wpforms-133685-field_1-error\" required><label for=\"wpforms-133685-field_1\" class=\"wpforms-field-sublabel after\">Pr\u00e9nom<\/label><\/div><div class=\"wpforms-field-row-block wpforms-one-half\"><input type=\"text\" id=\"wpforms-133685-field_1-last\" class=\"wpforms-field-name-last wpforms-field-required\" name=\"wpforms[fields][1][last]\" aria-errormessage=\"wpforms-133685-field_1-last-error\" required><label for=\"wpforms-133685-field_1-last\" class=\"wpforms-field-sublabel after\">Nom<\/label><\/div><\/div><\/fieldset><\/div>\t\t<div id=\"wpforms-133685-field_8-container\"\n\t\t\tclass=\"wpforms-field wpforms-field-text\"\n\t\t\tdata-field-type=\"text\"\n\t\t\tdata-field-id=\"8\"\n\t\t\t>\n\t\t\t<label class=\"wpforms-field-label\" for=\"wpforms-133685-field_8\" >Probl\u00e8mes portable je<\/label>\n\t\t\t<input type=\"text\" id=\"wpforms-133685-field_8\" class=\"wpforms-field-medium\" name=\"wpforms[fields][8]\" >\n\t\t<\/div>\n\t\t<div id=\"wpforms-133685-field_2-container\" class=\"wpforms-field wpforms-field-name\" data-field-id=\"2\"><fieldset><legend class=\"wpforms-field-label\">Nom du tuteur l\u00e9gal pour les mineurs<\/legend><div class=\"wpforms-field-row wpforms-field-medium\"><div class=\"wpforms-field-row-block wpforms-first wpforms-one-half\"><input type=\"text\" id=\"wpforms-133685-field_2\" class=\"wpforms-field-name-first\" name=\"wpforms[fields][2][first]\" aria-errormessage=\"wpforms-133685-field_2-error\" ><label for=\"wpforms-133685-field_2\" class=\"wpforms-field-sublabel after\">Pr\u00e9nom<\/label><\/div><div class=\"wpforms-field-row-block wpforms-one-half\"><input type=\"text\" id=\"wpforms-133685-field_2-last\" class=\"wpforms-field-name-last\" name=\"wpforms[fields][2][last]\" aria-errormessage=\"wpforms-133685-field_2-last-error\" ><label for=\"wpforms-133685-field_2-last\" class=\"wpforms-field-sublabel after\">Nom<\/label><\/div><\/div><\/fieldset><\/div><div id=\"wpforms-133685-field_3-container\" class=\"wpforms-field wpforms-field-text\" data-field-id=\"3\"><label class=\"wpforms-field-label\" for=\"wpforms-133685-field_3\">Date de naissance <span class=\"wpforms-required-label\" aria-hidden=\"true\">*<\/span><\/label><input type=\"text\" id=\"wpforms-133685-field_3\" class=\"wpforms-field-medium wpforms-field-required\" name=\"wpforms[fields][3]\" aria-errormessage=\"wpforms-133685-field_3-error\" required><\/div><div id=\"wpforms-133685-field_4-container\" class=\"wpforms-field wpforms-field-text\" data-field-id=\"4\"><label class=\"wpforms-field-label\" for=\"wpforms-133685-field_4\">Num\u00e9ro de portable <span class=\"wpforms-required-label\" aria-hidden=\"true\">*<\/span><\/label><input type=\"text\" id=\"wpforms-133685-field_4\" class=\"wpforms-field-medium wpforms-field-required\" name=\"wpforms[fields][4]\" aria-errormessage=\"wpforms-133685-field_4-error\" required><\/div><div id=\"wpforms-133685-field_12-container\" class=\"wpforms-field wpforms-field-email\" data-field-id=\"12\"><label class=\"wpforms-field-label\" for=\"wpforms-133685-field_12\">E-mail <span class=\"wpforms-required-label\" aria-hidden=\"true\">*<\/span><\/label><input type=\"email\" id=\"wpforms-133685-field_12\" class=\"wpforms-field-medium wpforms-field-required\" name=\"wpforms[fields][12]\" spellcheck=\"false\" aria-errormessage=\"wpforms-133685-field_12-error\" required><\/div><div id=\"wpforms-133685-field_5-container\" class=\"wpforms-field wpforms-field-textarea\" data-field-id=\"5\"><label class=\"wpforms-field-label\" for=\"wpforms-133685-field_5\">Adresse compl\u00e8te <span class=\"wpforms-required-label\" aria-hidden=\"true\">*<\/span><\/label><textarea id=\"wpforms-133685-field_5\" class=\"wpforms-field-medium wpforms-field-required\" name=\"wpforms[fields][5]\" aria-errormessage=\"wpforms-133685-field_5-error\" required><\/textarea><\/div><div id=\"wpforms-133685-field_6-container\" class=\"wpforms-field wpforms-field-textarea\" data-field-id=\"6\"><label class=\"wpforms-field-label\" for=\"wpforms-133685-field_6\">Probl\u00e8mes m\u00e9dicaux<\/label><textarea id=\"wpforms-133685-field_6\" class=\"wpforms-field-medium\" name=\"wpforms[fields][6]\" aria-errormessage=\"wpforms-133685-field_6-error\" ><\/textarea><\/div><div id=\"wpforms-133685-field_7-container\" class=\"wpforms-field wpforms-field-textarea\" data-field-id=\"7\"><label class=\"wpforms-field-label\" for=\"wpforms-133685-field_7\">Personne \u00e0 pr\u00e9venir en cas d&#039;urgence<\/label><textarea id=\"wpforms-133685-field_7\" class=\"wpforms-field-medium\" name=\"wpforms[fields][7]\" aria-errormessage=\"wpforms-133685-field_7-error\" ><\/textarea><\/div><div id=\"wpforms-133685-field_10-container\" class=\"wpforms-field wpforms-field-checkbox wpforms-list-3-columns\" data-field-id=\"10\"><fieldset><legend class=\"wpforms-field-label\">Cours de danse auquel je souhaite m&#039;inscrire <span class=\"wpforms-required-label\" aria-hidden=\"true\">*<\/span><\/legend><ul id=\"wpforms-133685-field_10\" class=\"wpforms-field-required\"><li class=\"choice-1 depth-1\"><input type=\"checkbox\" id=\"wpforms-133685-field_10_1\" name=\"wpforms[fields][10][]\" value=\"Afro Fusion ados adultes\" aria-errormessage=\"wpforms-133685-field_10_1-error\" required ><label class=\"wpforms-field-label-inline\" for=\"wpforms-133685-field_10_1\">Afro Fusion ados adultes<\/label><\/li><li class=\"choice-42 depth-1\"><input type=\"checkbox\" id=\"wpforms-133685-field_10_42\" name=\"wpforms[fields][10][]\" value=\"Afro Fusion 6-9 ans\" aria-errormessage=\"wpforms-133685-field_10_42-error\" required ><label class=\"wpforms-field-label-inline\" for=\"wpforms-133685-field_10_42\">Afro Fusion 6-9 ans<\/label><\/li><li class=\"choice-41 depth-1\"><input type=\"checkbox\" id=\"wpforms-133685-field_10_41\" name=\"wpforms[fields][10][]\" value=\"Attitude\" aria-errormessage=\"wpforms-133685-field_10_41-error\" required ><label class=\"wpforms-field-label-inline\" for=\"wpforms-133685-field_10_41\">Attitude<\/label><\/li><li class=\"choice-5 depth-1\"><input type=\"checkbox\" id=\"wpforms-133685-field_10_5\" name=\"wpforms[fields][10][]\" value=\"Baby Hip Hop 5 ans mercredi matin\" aria-errormessage=\"wpforms-133685-field_10_5-error\" required ><label class=\"wpforms-field-label-inline\" for=\"wpforms-133685-field_10_5\">Baby Hip Hop 5 ans mercredi matin<\/label><\/li><li class=\"choice-7 depth-1\"><input type=\"checkbox\" id=\"wpforms-133685-field_10_7\" name=\"wpforms[fields][10][]\" value=\"Baby Hip Hop 5 ans samedi\" aria-errormessage=\"wpforms-133685-field_10_7-error\" required ><label class=\"wpforms-field-label-inline\" for=\"wpforms-133685-field_10_7\">Baby Hip Hop 5 ans samedi<\/label><\/li><li class=\"choice-9 depth-1\"><input type=\"checkbox\" id=\"wpforms-133685-field_10_9\" name=\"wpforms[fields][10][]\" value=\"Bollywood ados adultes\" aria-errormessage=\"wpforms-133685-field_10_9-error\" required ><label class=\"wpforms-field-label-inline\" for=\"wpforms-133685-field_10_9\">Bollywood ados adultes<\/label><\/li><li class=\"choice-10 depth-1\"><input type=\"checkbox\" id=\"wpforms-133685-field_10_10\" name=\"wpforms[fields][10][]\" value=\"Breakdance 7-10 ans\" aria-errormessage=\"wpforms-133685-field_10_10-error\" required ><label class=\"wpforms-field-label-inline\" for=\"wpforms-133685-field_10_10\">Breakdance 7-10 ans<\/label><\/li><li class=\"choice-11 depth-1\"><input type=\"checkbox\" id=\"wpforms-133685-field_10_11\" name=\"wpforms[fields][10][]\" value=\"Breakdance ados adultes\" aria-errormessage=\"wpforms-133685-field_10_11-error\" required ><label class=\"wpforms-field-label-inline\" for=\"wpforms-133685-field_10_11\">Breakdance ados adultes<\/label><\/li><li class=\"choice-12 depth-1\"><input type=\"checkbox\" id=\"wpforms-133685-field_10_12\" name=\"wpforms[fields][10][]\" value=\"Cabaret\" aria-errormessage=\"wpforms-133685-field_10_12-error\" required ><label class=\"wpforms-field-label-inline\" for=\"wpforms-133685-field_10_12\">Cabaret<\/label><\/li><li class=\"choice-13 depth-1\"><input type=\"checkbox\" id=\"wpforms-133685-field_10_13\" name=\"wpforms[fields][10][]\" value=\"Classique 6-9 ans\" aria-errormessage=\"wpforms-133685-field_10_13-error\" required ><label class=\"wpforms-field-label-inline\" for=\"wpforms-133685-field_10_13\">Classique 6-9 ans<\/label><\/li><li class=\"choice-14 depth-1\"><input type=\"checkbox\" id=\"wpforms-133685-field_10_14\" name=\"wpforms[fields][10][]\" value=\"Classique ados adultes\" aria-errormessage=\"wpforms-133685-field_10_14-error\" required ><label class=\"wpforms-field-label-inline\" for=\"wpforms-133685-field_10_14\">Classique ados adultes<\/label><\/li><li class=\"choice-15 depth-1\"><input type=\"checkbox\" id=\"wpforms-133685-field_10_15\" name=\"wpforms[fields][10][]\" value=\"Dance Basics\" aria-errormessage=\"wpforms-133685-field_10_15-error\" required ><label class=\"wpforms-field-label-inline\" for=\"wpforms-133685-field_10_15\">Dance Basics<\/label><\/li><li class=\"choice-16 depth-1\"><input type=\"checkbox\" id=\"wpforms-133685-field_10_16\" name=\"wpforms[fields][10][]\" value=\"Eveil\" aria-errormessage=\"wpforms-133685-field_10_16-error\" required ><label class=\"wpforms-field-label-inline\" for=\"wpforms-133685-field_10_16\">Eveil<\/label><\/li><li class=\"choice-17 depth-1\"><input type=\"checkbox\" id=\"wpforms-133685-field_10_17\" name=\"wpforms[fields][10][]\" value=\"Heels lundi\" aria-errormessage=\"wpforms-133685-field_10_17-error\" required ><label class=\"wpforms-field-label-inline\" for=\"wpforms-133685-field_10_17\">Heels lundi<\/label><\/li><li class=\"choice-19 depth-1\"><input type=\"checkbox\" id=\"wpforms-133685-field_10_19\" name=\"wpforms[fields][10][]\" value=\"Hip Hop 6-9 ans lundi\" aria-errormessage=\"wpforms-133685-field_10_19-error\" required ><label class=\"wpforms-field-label-inline\" for=\"wpforms-133685-field_10_19\">Hip Hop 6-9 ans lundi<\/label><\/li><li class=\"choice-20 depth-1\"><input type=\"checkbox\" id=\"wpforms-133685-field_10_20\" name=\"wpforms[fields][10][]\" value=\"Hip Hop 6-9 ans mercredi\" aria-errormessage=\"wpforms-133685-field_10_20-error\" required ><label class=\"wpforms-field-label-inline\" for=\"wpforms-133685-field_10_20\">Hip Hop 6-9 ans mercredi<\/label><\/li><li class=\"choice-22 depth-1\"><input type=\"checkbox\" id=\"wpforms-133685-field_10_22\" name=\"wpforms[fields][10][]\" value=\"Hip Hop 10-14 ans\" aria-errormessage=\"wpforms-133685-field_10_22-error\" required ><label class=\"wpforms-field-label-inline\" for=\"wpforms-133685-field_10_22\">Hip Hop 10-14 ans<\/label><\/li><li class=\"choice-23 depth-1\"><input type=\"checkbox\" id=\"wpforms-133685-field_10_23\" name=\"wpforms[fields][10][]\" value=\"Hip Hop ados adultes jeudi\" aria-errormessage=\"wpforms-133685-field_10_23-error\" required ><label class=\"wpforms-field-label-inline\" for=\"wpforms-133685-field_10_23\">Hip Hop ados adultes jeudi<\/label><\/li><li class=\"choice-24 depth-1\"><input type=\"checkbox\" id=\"wpforms-133685-field_10_24\" name=\"wpforms[fields][10][]\" value=\"Hip Hop ados adultes inter avanc\u00e9\" aria-errormessage=\"wpforms-133685-field_10_24-error\" required ><label class=\"wpforms-field-label-inline\" for=\"wpforms-133685-field_10_24\">Hip Hop ados adultes inter avanc\u00e9<\/label><\/li><li class=\"choice-25 depth-1\"><input type=\"checkbox\" id=\"wpforms-133685-field_10_25\" name=\"wpforms[fields][10][]\" value=\"Hip Hop Old School\" aria-errormessage=\"wpforms-133685-field_10_25-error\" required ><label class=\"wpforms-field-label-inline\" for=\"wpforms-133685-field_10_25\">Hip Hop Old School<\/label><\/li><li class=\"choice-28 depth-1\"><input type=\"checkbox\" id=\"wpforms-133685-field_10_28\" name=\"wpforms[fields][10][]\" value=\"Kpop mercredi\" aria-errormessage=\"wpforms-133685-field_10_28-error\" required ><label class=\"wpforms-field-label-inline\" for=\"wpforms-133685-field_10_28\">Kpop mercredi<\/label><\/li><li class=\"choice-31 depth-1\"><input type=\"checkbox\" id=\"wpforms-133685-field_10_31\" name=\"wpforms[fields][10][]\" value=\"Lyrical Hip Hop\" aria-errormessage=\"wpforms-133685-field_10_31-error\" required ><label class=\"wpforms-field-label-inline\" for=\"wpforms-133685-field_10_31\">Lyrical Hip Hop<\/label><\/li><li class=\"choice-33 depth-1\"><input type=\"checkbox\" id=\"wpforms-133685-field_10_33\" name=\"wpforms[fields][10][]\" value=\"Modern Jazz 6-9 ans\" aria-errormessage=\"wpforms-133685-field_10_33-error\" required ><label class=\"wpforms-field-label-inline\" for=\"wpforms-133685-field_10_33\">Modern Jazz 6-9 ans<\/label><\/li><li class=\"choice-34 depth-1\"><input type=\"checkbox\" id=\"wpforms-133685-field_10_34\" name=\"wpforms[fields][10][]\" value=\"Modern Jazz ados adultes d\u00e9butant\" aria-errormessage=\"wpforms-133685-field_10_34-error\" required ><label class=\"wpforms-field-label-inline\" for=\"wpforms-133685-field_10_34\">Modern Jazz ados adultes d\u00e9butant<\/label><\/li><li class=\"choice-35 depth-1\"><input type=\"checkbox\" id=\"wpforms-133685-field_10_35\" name=\"wpforms[fields][10][]\" value=\"Modern Jazz ados adultes inter avanc\u00e9\" aria-errormessage=\"wpforms-133685-field_10_35-error\" required ><label class=\"wpforms-field-label-inline\" for=\"wpforms-133685-field_10_35\">Modern Jazz ados adultes inter avanc\u00e9<\/label><\/li><li class=\"choice-36 depth-1\"><input type=\"checkbox\" id=\"wpforms-133685-field_10_36\" name=\"wpforms[fields][10][]\" value=\"Ragga lundi\" aria-errormessage=\"wpforms-133685-field_10_36-error\" required ><label class=\"wpforms-field-label-inline\" for=\"wpforms-133685-field_10_36\">Ragga lundi<\/label><\/li><li class=\"choice-37 depth-1\"><input type=\"checkbox\" id=\"wpforms-133685-field_10_37\" name=\"wpforms[fields][10][]\" value=\"Ragga vendredi\" aria-errormessage=\"wpforms-133685-field_10_37-error\" required ><label class=\"wpforms-field-label-inline\" for=\"wpforms-133685-field_10_37\">Ragga vendredi<\/label><\/li><li class=\"choice-38 depth-1\"><input type=\"checkbox\" id=\"wpforms-133685-field_10_38\" name=\"wpforms[fields][10][]\" value=\"Sexy &amp; Lyrical\" aria-errormessage=\"wpforms-133685-field_10_38-error\" required ><label class=\"wpforms-field-label-inline\" for=\"wpforms-133685-field_10_38\">Sexy &amp; Lyrical<\/label><\/li><li class=\"choice-40 depth-1\"><input type=\"checkbox\" id=\"wpforms-133685-field_10_40\" name=\"wpforms[fields][10][]\" value=\"Street Jazz jeudi\" aria-errormessage=\"wpforms-133685-field_10_40-error\" required ><label class=\"wpforms-field-label-inline\" for=\"wpforms-133685-field_10_40\">Street Jazz jeudi<\/label><\/li><\/ul><\/fieldset><\/div><div id=\"wpforms-133685-field_9-container\" class=\"wpforms-field wpforms-field-checkbox\" data-field-id=\"9\"><fieldset><legend class=\"wpforms-field-label\">Acceptation des conditions g\u00e9n\u00e9rales <span class=\"wpforms-required-label\" aria-hidden=\"true\">*<\/span><\/legend><ul id=\"wpforms-133685-field_9\" class=\"wpforms-field-required\"><li class=\"choice-1 depth-1\"><input type=\"checkbox\" id=\"wpforms-133685-field_9_1\" name=\"wpforms[fields][9][]\" value=\"En m&#039;inscrivant j&#039;accepte les conditions g\u00e9n\u00e9rales de vente et je m&#039;engage \u00e0 respecter le r\u00e9glement int\u00e9rieur de l&#039;\u00e9cole de danse.\" aria-errormessage=\"wpforms-133685-field_9_1-error\" required ><label class=\"wpforms-field-label-inline\" for=\"wpforms-133685-field_9_1\">En m&rsquo;inscrivant j&rsquo;accepte les conditions g\u00e9n\u00e9rales de vente et je m&rsquo;engage \u00e0 respecter le r\u00e9glement int\u00e9rieur de l&rsquo;\u00e9cole de danse.<\/label><\/li><\/ul><\/fieldset><\/div><script>\n\t\t\t\t( function() {\n\t\t\t\t\tconst style = document.createElement( 'style' );\n\t\t\t\t\tstyle.appendChild( document.createTextNode( '#wpforms-133685-field_8-container { position: absolute !important; overflow: hidden !important; display: inline !important; height: 1px !important; width: 1px !important; z-index: -1000 !important; padding: 0 !important; } #wpforms-133685-field_8-container input { visibility: hidden; } #wpforms-conversational-form-page #wpforms-133685-field_8-container label { counter-increment: none; }' ) );\n\t\t\t\t\tdocument.head.appendChild( style );\n\t\t\t\t\tdocument.currentScript?.remove();\n\t\t\t\t} )();\n\t\t\t<\/script><\/div><!-- .wpforms-field-container --><div class=\"wpforms-submit-container\" ><input type=\"hidden\" name=\"wpforms[id]\" value=\"133685\"><input type=\"hidden\" name=\"page_title\" value=\"\"><input type=\"hidden\" name=\"page_url\" value=\"https:\/\/www.ggstyle-danceschool.com\/index.php?rest_route=\/wp\/v2\/pages\/134027\"><input type=\"hidden\" name=\"url_referer\" value=\"\"><button type=\"submit\" name=\"wpforms[submit]\" id=\"wpforms-submit-133685\" class=\"wpforms-submit\" data-alt-text=\"Envoi...\" data-submit-text=\"Je valide mon inscription\" aria-live=\"assertive\" value=\"wpforms-submit\">Je valide mon inscription<\/button><img loading=\"lazy\" decoding=\"async\" src=\"https:\/\/www.ggstyle-danceschool.com\/wp-content\/plugins\/wpforms-lite\/assets\/images\/submit-spin.svg\" class=\"wpforms-submit-spinner\" style=\"display: none;\" width=\"26\" height=\"26\" alt=\"Chargement en cours\"><\/div><\/form><\/div>  <!-- .wpforms-container -->\n\n\n<div class=\"wp-block-buttons is-content-justification-center is-layout-flex wp-container-core-buttons-is-layout-16018d1d wp-block-buttons-is-layout-flex\">\n<div class=\"wp-block-button\"><a class=\"wp-block-button__link has-vivid-red-background-color has-background wp-element-button\" href=\"https:\/\/www.ggstyle-danceschool.com\/?page_id=254\">Acc\u00e9der aux conditions g\u00e9n\u00e9rales de vente<\/a><\/div>\n<\/div>\n\n\n\n<div class=\"wp-block-buttons is-content-justification-center is-layout-flex wp-container-core-buttons-is-layout-16018d1d wp-block-buttons-is-layout-flex\">\n<div class=\"wp-block-button\"><a class=\"wp-block-button__link has-vivid-red-background-color has-background wp-element-button\" href=\"https:\/\/www.ggstyle-danceschool.com\/?page_id=133728\">Acc\u00e9der au r\u00e8glement int\u00e9rieur<\/a><\/div>\n<\/div>\n","protected":false},"excerpt":{"rendered":"<p>Ici vous allez pouvoir faire votre inscription \u00e0 l&rsquo;\u00e9cole de danse, nous n&rsquo;avons pas de dossier papier, remplissez donc ce formulaire avec soin. Le paiement se fera directement \u00e0 l&rsquo;accueil de l&rsquo;\u00e9cole, seule une inscription r\u00e9gl\u00e9e en totalit\u00e9 vous garantie une place dans le(s) cours d\u00e9sir\u00e9(s).<\/p>\n","protected":false},"author":1,"featured_media":0,"parent":25751,"menu_order":0,"comment_status":"closed","ping_status":"closed","template":"","meta":{"om_disable_all_campaigns":false,"_monsterinsights_skip_tracking":false,"_monsterinsights_sitenote_active":false,"_monsterinsights_sitenote_note":"","_monsterinsights_sitenote_category":0,"footnotes":""},"class_list":["post-134027","page","type-page","status-publish","hentry"],"aioseo_notices":[],"_links":{"self":[{"href":"https:\/\/www.ggstyle-danceschool.com\/index.php?rest_route=\/wp\/v2\/pages\/134027","targetHints":{"allow":["GET"]}}],"collection":[{"href":"https:\/\/www.ggstyle-danceschool.com\/index.php?rest_route=\/wp\/v2\/pages"}],"about":[{"href":"https:\/\/www.ggstyle-danceschool.com\/index.php?rest_route=\/wp\/v2\/types\/page"}],"author":[{"embeddable":true,"href":"https:\/\/www.ggstyle-danceschool.com\/index.php?rest_route=\/wp\/v2\/users\/1"}],"replies":[{"embeddable":true,"href":"https:\/\/www.ggstyle-danceschool.com\/index.php?rest_route=%2Fwp%2Fv2%2Fcomments&post=134027"}],"version-history":[{"count":3,"href":"https:\/\/www.ggstyle-danceschool.com\/index.php?rest_route=\/wp\/v2\/pages\/134027\/revisions"}],"predecessor-version":[{"id":134039,"href":"https:\/\/www.ggstyle-danceschool.com\/index.php?rest_route=\/wp\/v2\/pages\/134027\/revisions\/134039"}],"up":[{"embeddable":true,"href":"https:\/\/www.ggstyle-danceschool.com\/index.php?rest_route=\/wp\/v2\/pages\/25751"}],"wp:attachment":[{"href":"https:\/\/www.ggstyle-danceschool.com\/index.php?rest_route=%2Fwp%2Fv2%2Fmedia&parent=134027"}],"curies":[{"name":"wp","href":"https:\/\/api.w.org\/{rel}","templated":true}]}}