{"id":133751,"date":"2025-07-28T14:57:06","date_gmt":"2025-07-28T14:57:06","guid":{"rendered":"https:\/\/www.ggstyle-danceschool.com\/?page_id=133751"},"modified":"2025-08-20T17:29:27","modified_gmt":"2025-08-20T17:29:27","slug":"partenaires","status":"publish","type":"page","link":"https:\/\/www.ggstyle-danceschool.com\/?page_id=133751","title":{"rendered":"Partenaires"},"content":{"rendered":"<div class=\"aioseo-breadcrumbs\"><span class=\"aioseo-breadcrumb\">\n\t<a href=\"https:\/\/www.ggstyle-danceschool.com\" title=\"Home\">Home<\/a>\n<\/span><span class=\"aioseo-breadcrumb-separator\">&raquo;<\/span><span class=\"aioseo-breadcrumb\">\n\tPartenaires\n<\/span><\/div>\n\n\n<p>Page d\u00e9di\u00e9e \u00e0 nos partenaires<\/p>\n\n\n\t\t\n\t\t<div id=\"gs_team_area_6\" data-shortcode-id=\"6\" class=\"wrap gs_team_area gs_team_loading gs_tm_theme3 gs_tm_theme_v_1 \" data-options='{\"search_through_all_fields\":\"off\",\"enable_clear_filters\":\"off\",\"reset_filters_text\":\"Reset Filters\",\"enable_multi_select\":\"off\",\"multi_select_ellipsis\":\"off\",\"next_txt\":\"Next\",\"prev_txt\":\"Prev\",\"load_per_click\":3,\"initial_items\":6}' style=\"visibility: hidden; opacity: 0;\">\n\t\n\t\t\t\n<!-- Container for Team members -->\n<div class=\"gs-containeer cbp-so-scroller\">\n\t\n\t<div class=\"gs-roow clearfix gs_team\">\n\n\t\t\t\t\t\n\t\t\t<!-- Start single member -->\n\t\t\t<div class=\"single-member-div gs-col-lg-3 gs-col-md-4 gs-col-sm-6 gs-col-xs-12 cbp-so-section\">\n\t\t\t    \n\t\t\t\t<!-- Sehema & Single member wrapper -->\n\t\t\t\t<div class=\"single-member--wrapper\" itemscope itemtype=\"http:\/\/schema.org\/Person\">\n\t\t\t\t\t<div class=\"single-member gs-roow\">\n\n\t\t\t\t\t\t<span class=\"gs-team-member--zip-codes\" style=\"display:none!important\"><\/span>\n\t\t\t\t\t\t<!-- left side -->\n\t\t\t\t\t\t<div class=\"gs-col-md-6 cbp-so-side cbp-so-side-left\">\n\t\t\t\t\t\t\t<div class=\"img-area\">\n\n\t\t\t\t\t\t\t\t<!-- Ribbon -->\n\t\t\t\t\t\t\t\t\n\t\t\t\t\t\t\t\t\n\t\t\t\t\t\t\t\t<!-- Team Image -->\n\t\t\t\t\t\t\t\t<div class=\"gs_team_image__wrapper\">\n\t\t\t\t\t\t\t\t\t<a class=\"\" href=\"https:\/\/www.ggstyle-danceschool.com\/?gs_team=priscilla-bibas-events\"><img loading=\"lazy\" decoding=\"async\" width=\"640\" height=\"627\" src=\"https:\/\/www.ggstyle-danceschool.com\/wp-content\/uploads\/2025\/08\/IMG_EDBBA13876A4-1.jpeg\" class=\"gs_team_member--image wp-post-image\" alt=\"Priscilla Bibas Events\" itemprop=\"image\" srcset=\"https:\/\/www.ggstyle-danceschool.com\/wp-content\/uploads\/2025\/08\/IMG_EDBBA13876A4-1.jpeg 875w, https:\/\/www.ggstyle-danceschool.com\/wp-content\/uploads\/2025\/08\/IMG_EDBBA13876A4-1-300x294.jpeg 300w, https:\/\/www.ggstyle-danceschool.com\/wp-content\/uploads\/2025\/08\/IMG_EDBBA13876A4-1-768x752.jpeg 768w\" sizes=\"auto, (max-width: 640px) 100vw, 640px\" \/><\/a>\t\t\t\t\t\t\t\t<\/div>\n\t\t\t\t\t\t\t\t\n\t\t\t\t\t\t\t<\/div>\n\t\t\t\t\t\t<\/div>\n\n\t\t\t\t\t\t<!-- Right side -->\n\t\t\t\t\t\t<div class=\"gs-col-md-6 cbp-so-side cbp-so-side-right\">\n\t\t\t\t\t\t\t\n\t\t\t\t\t\t\t<!-- Single member name -->\n\t\t\t\t\t\t\t\t\t\t\t\t\t\t\t<div class=\"gs-member-name \"><a itemprop=\"name\" href=\"https:\/\/www.ggstyle-danceschool.com\/?gs_team=priscilla-bibas-events\">Priscilla Bibas Events<\/a><\/div>\t\t\t\t\t\t\t\t\t\t\t\t\t\t\t\n\t\t\t\t\t\t\t<!-- Single member designation -->\n\t\t\t\t\t\t\t\t\t\t\t\t\t\t\n\t\t\t\t\t\t\t<!-- Description & Social Links -->\n\t\t\t\t\t\t\t<div class=\"single-mem-desc-social flex-align-justify-center\">\n\n\t\t\t\t\t\t\t\t<div class=\"single-mem-desc-social--inner gs_member_info\">\n\n\t\t\t\t\t\t\t\t\t<!-- Description -->\n\t\t\t\t\t\t\t\t\t\n\t\t\t\t\t\t\t\t\t\t\t\t\t\t\t\t\t\t\t\t\t<p class=\"gs-member-desc\" itemprop=\"description\">Organisation de c\u00e9r\u00e9monies et \u00e9v\u00e8nements immersifs<\/p>\n\t\t\t\t\t\t\t\t\t\t\t\t\t\t\t\t\t\t\t\t\n\t\t\t\t\t\t\t\t\t\t\t\t\t\t\t\t\t\t\t\t\n\t\t\t\t\t\t\t\t\t<!-- Social Links -->\n\t\t\t\t\t\t\t\t\t\n    <ul class=\"gs-team-social\">\n\n    \n        <li>\n            <a class=\"firefox\" href=\"https:\/\/priscillabibas.com\" target=\"_blank\" itemprop=\"sameAs\"><i class=\"fab fa-firefox\"><\/i><\/a>        <\/li>\n\n            \n    <\/ul>\n\n    \n\n\t\t\t\t\t\t\t\t<\/div>\n\t\t\t\t\t\t\t\n\t\t\t\t\t\t\t<\/div>\n\t\t\t\t\t\t\t\n\t\t\t\t\t\t<\/div>\n\n\t\t\t\t\t\t\t\t\t        \n\t\t\t        <\/div>\n\t\t\t\t<\/div>\n\t\t\t\t\n\t\t\t\t<!-- Popup -->\n\t\t\t\t\n\t\t\t<\/div>\n\t\t\n\t\t\t\t\t\n\t\t\t<!-- Start single member -->\n\t\t\t<div class=\"single-member-div gs-col-lg-3 gs-col-md-4 gs-col-sm-6 gs-col-xs-12 cbp-so-section\">\n\t\t\t    \n\t\t\t\t<!-- Sehema & Single member wrapper -->\n\t\t\t\t<div class=\"single-member--wrapper\" itemscope itemtype=\"http:\/\/schema.org\/Person\">\n\t\t\t\t\t<div class=\"single-member gs-roow\">\n\n\t\t\t\t\t\t<span class=\"gs-team-member--zip-codes\" style=\"display:none!important\"><\/span>\n\t\t\t\t\t\t<!-- left side -->\n\t\t\t\t\t\t<div class=\"gs-col-md-6 cbp-so-side cbp-so-side-left\">\n\t\t\t\t\t\t\t<div class=\"img-area\">\n\n\t\t\t\t\t\t\t\t<!-- Ribbon -->\n\t\t\t\t\t\t\t\t\n\t\t\t\t\t\t\t\t\n\t\t\t\t\t\t\t\t<!-- Team Image -->\n\t\t\t\t\t\t\t\t<div class=\"gs_team_image__wrapper\">\n\t\t\t\t\t\t\t\t\t<a class=\"\" href=\"https:\/\/www.ggstyle-danceschool.com\/?gs_team=heitz-system\"><img loading=\"lazy\" decoding=\"async\" width=\"640\" height=\"233\" src=\"https:\/\/www.ggstyle-danceschool.com\/wp-content\/uploads\/2025\/08\/logo-heitz-system-1024x373.png\" class=\"gs_team_member--image wp-post-image\" alt=\"Heitz System\" itemprop=\"image\" srcset=\"https:\/\/www.ggstyle-danceschool.com\/wp-content\/uploads\/2025\/08\/logo-heitz-system-1024x373.png 1024w, https:\/\/www.ggstyle-danceschool.com\/wp-content\/uploads\/2025\/08\/logo-heitz-system-300x109.png 300w, https:\/\/www.ggstyle-danceschool.com\/wp-content\/uploads\/2025\/08\/logo-heitz-system-768x280.png 768w, https:\/\/www.ggstyle-danceschool.com\/wp-content\/uploads\/2025\/08\/logo-heitz-system-1536x560.png 1536w, https:\/\/www.ggstyle-danceschool.com\/wp-content\/uploads\/2025\/08\/logo-heitz-system.png 1920w\" sizes=\"auto, (max-width: 640px) 100vw, 640px\" \/><\/a>\t\t\t\t\t\t\t\t<\/div>\n\t\t\t\t\t\t\t\t\n\t\t\t\t\t\t\t<\/div>\n\t\t\t\t\t\t<\/div>\n\n\t\t\t\t\t\t<!-- Right side -->\n\t\t\t\t\t\t<div class=\"gs-col-md-6 cbp-so-side cbp-so-side-right\">\n\t\t\t\t\t\t\t\n\t\t\t\t\t\t\t<!-- Single member name -->\n\t\t\t\t\t\t\t\t\t\t\t\t\t\t\t<div class=\"gs-member-name \"><a itemprop=\"name\" href=\"https:\/\/www.ggstyle-danceschool.com\/?gs_team=heitz-system\">Heitz System<\/a><\/div>\t\t\t\t\t\t\t\t\t\t\t\t\t\t\t\n\t\t\t\t\t\t\t<!-- Single member designation -->\n\t\t\t\t\t\t\t\t\t\t\t\t\t\t\n\t\t\t\t\t\t\t<!-- Description & Social Links -->\n\t\t\t\t\t\t\t<div class=\"single-mem-desc-social flex-align-justify-center\">\n\n\t\t\t\t\t\t\t\t<div class=\"single-mem-desc-social--inner gs_member_info\">\n\n\t\t\t\t\t\t\t\t\t<!-- Description -->\n\t\t\t\t\t\t\t\t\t\n\t\t\t\t\t\t\t\t\t\t\t\t\t\t\t\t\t\t\t\t\t<p class=\"gs-member-desc\" itemprop=\"description\">contr\u00f4le d&rsquo;acc\u00e8s<\/p>\n\t\t\t\t\t\t\t\t\t\t\t\t\t\t\t\t\t\t\t\t\n\t\t\t\t\t\t\t\t\t\t\t\t\t\t\t\t\t\t\t\t\n\t\t\t\t\t\t\t\t\t<!-- Social Links -->\n\t\t\t\t\t\t\t\t\t\n    <ul class=\"gs-team-social\">\n\n    \n        <li>\n            <a class=\"firefox\" href=\"https:\/\/heitzsystem.com\" target=\"_blank\" itemprop=\"sameAs\"><i class=\"fab fa-firefox\"><\/i><\/a>        <\/li>\n\n            \n    <\/ul>\n\n    \n\n\t\t\t\t\t\t\t\t<\/div>\n\t\t\t\t\t\t\t\n\t\t\t\t\t\t\t<\/div>\n\t\t\t\t\t\t\t\n\t\t\t\t\t\t<\/div>\n\n\t\t\t\t\t\t\t\t\t        \n\t\t\t        <\/div>\n\t\t\t\t<\/div>\n\t\t\t\t\n\t\t\t\t<!-- Popup -->\n\t\t\t\t\n\t\t\t<\/div>\n\t\t\n\t\t\t\t\t\n\t\t\t<!-- Start single member -->\n\t\t\t<div class=\"single-member-div gs-col-lg-3 gs-col-md-4 gs-col-sm-6 gs-col-xs-12 cbp-so-section\">\n\t\t\t    \n\t\t\t\t<!-- Sehema & Single member wrapper -->\n\t\t\t\t<div class=\"single-member--wrapper\" itemscope itemtype=\"http:\/\/schema.org\/Person\">\n\t\t\t\t\t<div class=\"single-member gs-roow\">\n\n\t\t\t\t\t\t<span class=\"gs-team-member--zip-codes\" style=\"display:none!important\"><\/span>\n\t\t\t\t\t\t<!-- left side -->\n\t\t\t\t\t\t<div class=\"gs-col-md-6 cbp-so-side cbp-so-side-left\">\n\t\t\t\t\t\t\t<div class=\"img-area\">\n\n\t\t\t\t\t\t\t\t<!-- Ribbon -->\n\t\t\t\t\t\t\t\t\n\t\t\t\t\t\t\t\t\n\t\t\t\t\t\t\t\t<!-- Team Image -->\n\t\t\t\t\t\t\t\t<div class=\"gs_team_image__wrapper\">\n\t\t\t\t\t\t\t\t\t<a class=\"\" href=\"https:\/\/www.ggstyle-danceschool.com\/?gs_team=odd-bird\"><img loading=\"lazy\" decoding=\"async\" width=\"640\" height=\"434\" src=\"https:\/\/www.ggstyle-danceschool.com\/wp-content\/uploads\/2025\/07\/LOGO_ODDBIRD_DEGRAD.png.jpeg\" class=\"gs_team_member--image wp-post-image\" alt=\"Odd Bird\" itemprop=\"image\" srcset=\"https:\/\/www.ggstyle-danceschool.com\/wp-content\/uploads\/2025\/07\/LOGO_ODDBIRD_DEGRAD.png.jpeg 758w, https:\/\/www.ggstyle-danceschool.com\/wp-content\/uploads\/2025\/07\/LOGO_ODDBIRD_DEGRAD.png-300x203.jpeg 300w\" sizes=\"auto, (max-width: 640px) 100vw, 640px\" \/><\/a>\t\t\t\t\t\t\t\t<\/div>\n\t\t\t\t\t\t\t\t\n\t\t\t\t\t\t\t<\/div>\n\t\t\t\t\t\t<\/div>\n\n\t\t\t\t\t\t<!-- Right side -->\n\t\t\t\t\t\t<div class=\"gs-col-md-6 cbp-so-side cbp-so-side-right\">\n\t\t\t\t\t\t\t\n\t\t\t\t\t\t\t<!-- Single member name -->\n\t\t\t\t\t\t\t\t\t\t\t\t\t\t\t<div class=\"gs-member-name \"><a itemprop=\"name\" href=\"https:\/\/www.ggstyle-danceschool.com\/?gs_team=odd-bird\">Odd Bird<\/a><\/div>\t\t\t\t\t\t\t\t\t\t\t\t\t\t\t\n\t\t\t\t\t\t\t<!-- Single member designation -->\n\t\t\t\t\t\t\t\t\t\t\t\t\t\t\n\t\t\t\t\t\t\t<!-- Description & Social Links -->\n\t\t\t\t\t\t\t<div class=\"single-mem-desc-social flex-align-justify-center\">\n\n\t\t\t\t\t\t\t\t<div class=\"single-mem-desc-social--inner gs_member_info\">\n\n\t\t\t\t\t\t\t\t\t<!-- Description -->\n\t\t\t\t\t\t\t\t\t\n\t\t\t\t\t\t\t\t\t\t\t\t\t\t\t\t\t\t\t\t\t<p class=\"gs-member-desc\" itemprop=\"description\">Vid\u00e9o\/Photos<\/p>\n\t\t\t\t\t\t\t\t\t\t\t\t\t\t\t\t\t\t\t\t\n\t\t\t\t\t\t\t\t\t\t\t\t\t\t\t\t\t\t\t\t\n\t\t\t\t\t\t\t\t\t<!-- Social Links -->\n\t\t\t\t\t\t\t\t\t\n    <ul class=\"gs-team-social\">\n\n    \n        <li>\n            <a class=\"firefox\" href=\"https:\/\/www.oddbird.fr\" target=\"_blank\" itemprop=\"sameAs\"><i class=\"fab fa-firefox\"><\/i><\/a>        <\/li>\n\n            \n    <\/ul>\n\n    \n\n\t\t\t\t\t\t\t\t<\/div>\n\t\t\t\t\t\t\t\n\t\t\t\t\t\t\t<\/div>\n\t\t\t\t\t\t\t\n\t\t\t\t\t\t<\/div>\n\n\t\t\t\t\t\t\t\t\t        \n\t\t\t        <\/div>\n\t\t\t\t<\/div>\n\t\t\t\t\n\t\t\t\t<!-- Popup -->\n\t\t\t\t\n\t\t\t<\/div>\n\t\t\n\t\t\t\t\t\n\t\t\t<!-- Start single member -->\n\t\t\t<div class=\"single-member-div gs-col-lg-3 gs-col-md-4 gs-col-sm-6 gs-col-xs-12 cbp-so-section\">\n\t\t\t    \n\t\t\t\t<!-- Sehema & Single member wrapper -->\n\t\t\t\t<div class=\"single-member--wrapper\" itemscope itemtype=\"http:\/\/schema.org\/Person\">\n\t\t\t\t\t<div class=\"single-member gs-roow\">\n\n\t\t\t\t\t\t<span class=\"gs-team-member--zip-codes\" style=\"display:none!important\"><\/span>\n\t\t\t\t\t\t<!-- left side -->\n\t\t\t\t\t\t<div class=\"gs-col-md-6 cbp-so-side cbp-so-side-left\">\n\t\t\t\t\t\t\t<div class=\"img-area\">\n\n\t\t\t\t\t\t\t\t<!-- Ribbon -->\n\t\t\t\t\t\t\t\t\n\t\t\t\t\t\t\t\t\n\t\t\t\t\t\t\t\t<!-- Team Image -->\n\t\t\t\t\t\t\t\t<div class=\"gs_team_image__wrapper\">\n\t\t\t\t\t\t\t\t\t<a class=\"\" href=\"https:\/\/www.ggstyle-danceschool.com\/?gs_team=amac\"><img loading=\"lazy\" decoding=\"async\" width=\"442\" height=\"294\" src=\"https:\/\/www.ggstyle-danceschool.com\/wp-content\/uploads\/2025\/07\/logoAMACmonopng_65d0758249b4d-1.png\" class=\"gs_team_member--image wp-post-image\" alt=\"AMAC\" itemprop=\"image\" srcset=\"https:\/\/www.ggstyle-danceschool.com\/wp-content\/uploads\/2025\/07\/logoAMACmonopng_65d0758249b4d-1.png 442w, https:\/\/www.ggstyle-danceschool.com\/wp-content\/uploads\/2025\/07\/logoAMACmonopng_65d0758249b4d-1-300x200.png 300w\" sizes=\"auto, (max-width: 442px) 100vw, 442px\" \/><\/a>\t\t\t\t\t\t\t\t<\/div>\n\t\t\t\t\t\t\t\t\n\t\t\t\t\t\t\t<\/div>\n\t\t\t\t\t\t<\/div>\n\n\t\t\t\t\t\t<!-- Right side -->\n\t\t\t\t\t\t<div class=\"gs-col-md-6 cbp-so-side cbp-so-side-right\">\n\t\t\t\t\t\t\t\n\t\t\t\t\t\t\t<!-- Single member name -->\n\t\t\t\t\t\t\t\t\t\t\t\t\t\t\t<div class=\"gs-member-name \"><a itemprop=\"name\" href=\"https:\/\/www.ggstyle-danceschool.com\/?gs_team=amac\">AMAC<\/a><\/div>\t\t\t\t\t\t\t\t\t\t\t\t\t\t\t\n\t\t\t\t\t\t\t<!-- Single member designation -->\n\t\t\t\t\t\t\t\t\t\t\t\t\t\t\n\t\t\t\t\t\t\t<!-- Description & Social Links -->\n\t\t\t\t\t\t\t<div class=\"single-mem-desc-social flex-align-justify-center\">\n\n\t\t\t\t\t\t\t\t<div class=\"single-mem-desc-social--inner gs_member_info\">\n\n\t\t\t\t\t\t\t\t\t<!-- Description -->\n\t\t\t\t\t\t\t\t\t\n\t\t\t\t\t\t\t\t\t\t\t\t\t\t\t\t\t\t\t\t\t<p class=\"gs-member-desc\" itemprop=\"description\">Association Mori\u00e8roise des Artisans et des Commer\u00e7ants<\/p>\n\t\t\t\t\t\t\t\t\t\t\t\t\t\t\t\t\t\t\t\t\n\t\t\t\t\t\t\t\t\t\t\t\t\t\t\t\t\t\t\t\t\n\t\t\t\t\t\t\t\t\t<!-- Social Links -->\n\t\t\t\t\t\t\t\t\t\n    <ul class=\"gs-team-social\">\n\n    \n        <li>\n            <a class=\"firefox\" href=\"https:\/\/amac84.fr\" target=\"_blank\" itemprop=\"sameAs\"><i class=\"fab fa-firefox\"><\/i><\/a>        <\/li>\n\n            \n    <\/ul>\n\n    \n\n\t\t\t\t\t\t\t\t<\/div>\n\t\t\t\t\t\t\t\n\t\t\t\t\t\t\t<\/div>\n\t\t\t\t\t\t\t\n\t\t\t\t\t\t<\/div>\n\n\t\t\t\t\t\t\t\t\t        \n\t\t\t        <\/div>\n\t\t\t\t<\/div>\n\t\t\t\t\n\t\t\t\t<!-- Popup -->\n\t\t\t\t\n\t\t\t<\/div>\n\t\t\n\t\t\n\t\t\t\n\t\t\n\t<\/div>\n\n\t<!-- Pagination -->\n\t\n<\/div>\t\n\t\t<\/div>\n\t\t\n\t\t<style>#gs_team_area_6 .gs-member-name,#gs_team_area_6 .gs-member-name a{color:rgb(239, 10, 10)}#gs_team_area_6 .single-member-div .gs_member_info .gs-member-desc{color:rgb(0, 0, 0)}#gs_team_area_6 .single-member-div .gs_member_info .gs-member-contact{color:rgb(0, 0, 0)}#gs_team_area_6 .single-member-div .gs_member_info .gs-member-contact i{color:rgb(255, 253, 253)}#gs_team_area_6 .gs-member-desig{color:rgb(8, 8, 8)}#gs_team_area_6 .gs-team-filter-cats{text-align:center}<\/style>","protected":false},"excerpt":{"rendered":"<p>Page d\u00e9di\u00e9e \u00e0 nos partenaires<\/p>\n","protected":false},"author":1,"featured_media":0,"parent":0,"menu_order":0,"comment_status":"closed","ping_status":"closed","template":"","meta":{"om_disable_all_campaigns":false,"_monsterinsights_skip_tracking":false,"_monsterinsights_sitenote_active":false,"_monsterinsights_sitenote_note":"","_monsterinsights_sitenote_category":0,"footnotes":""},"class_list":["post-133751","page","type-page","status-publish","hentry"],"aioseo_notices":[],"_links":{"self":[{"href":"https:\/\/www.ggstyle-danceschool.com\/index.php?rest_route=\/wp\/v2\/pages\/133751","targetHints":{"allow":["GET"]}}],"collection":[{"href":"https:\/\/www.ggstyle-danceschool.com\/index.php?rest_route=\/wp\/v2\/pages"}],"about":[{"href":"https:\/\/www.ggstyle-danceschool.com\/index.php?rest_route=\/wp\/v2\/types\/page"}],"author":[{"embeddable":true,"href":"https:\/\/www.ggstyle-danceschool.com\/index.php?rest_route=\/wp\/v2\/users\/1"}],"replies":[{"embeddable":true,"href":"https:\/\/www.ggstyle-danceschool.com\/index.php?rest_route=%2Fwp%2Fv2%2Fcomments&post=133751"}],"version-history":[{"count":3,"href":"https:\/\/www.ggstyle-danceschool.com\/index.php?rest_route=\/wp\/v2\/pages\/133751\/revisions"}],"predecessor-version":[{"id":133982,"href":"https:\/\/www.ggstyle-danceschool.com\/index.php?rest_route=\/wp\/v2\/pages\/133751\/revisions\/133982"}],"wp:attachment":[{"href":"https:\/\/www.ggstyle-danceschool.com\/index.php?rest_route=%2Fwp%2Fv2%2Fmedia&parent=133751"}],"curies":[{"name":"wp","href":"https:\/\/api.w.org\/{rel}","templated":true}]}}