{"id":133728,"date":"2025-07-23T20:39:05","date_gmt":"2025-07-23T20:39:05","guid":{"rendered":"https:\/\/www.ggstyle-danceschool.com\/?page_id=133728"},"modified":"2025-08-26T17:57:59","modified_gmt":"2025-08-26T17:57:59","slug":"reglement-interieur","status":"publish","type":"page","link":"https:\/\/www.ggstyle-danceschool.com\/?page_id=133728","title":{"rendered":"R\u00e8glement int\u00e9rieur"},"content":{"rendered":"<div class=\"aioseo-breadcrumbs\"><span class=\"aioseo-breadcrumb\">\n\t<a href=\"https:\/\/www.ggstyle-danceschool.com\" title=\"Home\">Home<\/a>\n<\/span><span class=\"aioseo-breadcrumb-separator\">&raquo;<\/span><span class=\"aioseo-breadcrumb\">\n\t<a href=\"https:\/\/www.ggstyle-danceschool.com\/?page_id=25751\" title=\"Planning et Tarifs\">Planning et Tarifs<\/a>\n<\/span><span class=\"aioseo-breadcrumb-separator\">&raquo;<\/span><span class=\"aioseo-breadcrumb\">\n\t<a href=\"https:\/\/www.ggstyle-danceschool.com\/?page_id=134027\" title=\"Inscription\">Inscription<\/a>\n<\/span><span class=\"aioseo-breadcrumb-separator\">&raquo;<\/span><span class=\"aioseo-breadcrumb\">\n\tR\u00e8glement int\u00e9rieur\n<\/span><\/div>\n\n\n<h3 class=\"wp-block-heading\">ARTICLE 1- Le r\u00e8glement int\u00e9rieur<\/h3>\n\n\n\n<p>Proc\u00e9der \u00e0 une inscription vaut acceptation du r\u00e8glement int\u00e9rieur et des conditions g\u00e9n\u00e9rales de vente. Toute personne ne respectant pas le r\u00e8glement est susceptible d\u2019\u00eatre renvoy\u00e9e. Le pr\u00e9sent r\u00e8glement est r\u00e9visable tous les ans.<\/p>\n\n\n\n<h3 class=\"wp-block-heading\">ARTICLE 2- Cours- Inscription et paiement<\/h3>\n\n\n\n<p>Les tarifs des cours collectifs et cours particuliers sont \u00e9tablis annuellement. Ils sont \u00e0 votre disposition au bureau d\u00e8s la date officielle de reprise des cours, consultable aussi sur le site internet de l&rsquo;ecole.<\/p>\n\n\n\n<p>Les cours sont dispens\u00e9s de septembre \u00e0 juin. Pendant les vacances scolaires, les cours reguliers ne seront pas dispens\u00e9s. L&rsquo;ecole peut organiser, des stages, ateliers ou des r\u00e9p\u00e9titions suppl\u00e9mentaires en vue d\u2019un spectacle ou de rattrapage des cours.&nbsp;<br>Pour des raisons de s\u00e9curit\u00e9 et afin de faire un travail de qualit\u00e9, les cours sont limit\u00e9s.<br>Tout adh\u00e9rent devra s\u2019acquitter de son r\u00e8glement pour suivre les cours.<br><strong>Aucun remboursement ne pourra s\u2019effectuer. Sur pr\u00e9sentation d&rsquo;un certificat m\u00e9dical, un report de l&rsquo;abonnement  pourra \u00eatre effectu\u00e9. <\/strong><\/p>\n\n\n\n<p><strong>Close d&rsquo;impr\u00e9vision : Si l&rsquo;\u00e9cole ferme pour des raisons sanitaires ou exceptionnelles et que les cours de peuvent avoir lieu cela ne fera pas l&rsquo;objet de remboursement.<\/strong><\/p>\n\n\n\n<p><strong>Si un \u00e9l\u00e8ve d\u00e9cide d\u2019arr\u00eater en cours d\u2019ann\u00e9e, ou d\u00e9m\u00e9nage, cela ne fera l\u2019objet d\u2019aucun remboursement.<\/strong><\/p>\n\n\n\n<p>Un cours non suivi, pour toute autre raison, ne fera l\u2019objet d\u2019aucune d\u00e9duction.<br>Pour toute absence des professeurs : les professeurs seront remplac\u00e9s ou les cours seront rattrap\u00e9s :&nbsp;<strong>cela ne fera l\u2019objet d\u2019aucun remboursement<\/strong>.<br>En cas d&rsquo;absence du professeur, dans la mesure du possible, les parents seront pr\u00e9venus par mail. Il appartient aux parents ou accompagnants des \u00e9l\u00e8ves mineurs de s&rsquo;assurer avant de laisser l&rsquo;\u00e9l\u00e8ve seul que les cours ont bien lieu.<\/p>\n\n\n\n<p><strong>Si la famille d\u00e9cide que l\u2019enfant ne participe pas au spectacle ou d\u00e9monstration de danse, aucun remboursement de cours ne sera mis en place.<\/strong><\/p>\n\n\n\n<p>Seul le professeur dispose du choix du contenu p\u00e9dagogique et d\u00e9cide de son enseignement, de sa forme et de son ordonnance. Il donne les r\u00f4les et les places au sein des spectacles et il est seul a pouvoir juger de la qualit\u00e9 artistique de chaque \u00e9l\u00e8ve.<\/p>\n\n\n\n<h3 class=\"wp-block-heading\">ARTICLE 3 :- planning<\/h3>\n\n\n\n<p>Les cours de danse d\u00e9buteront le lundi 1er septembre 2025.<br>Les cours s\u2019arr\u00eatent le samedi 20 juin 2026.<\/p>\n\n\n\n<p>Nous vous rappelons que le planning est donn\u00e9 \u00e0 titre indicatif et qu\u2019il pourra \u00eatre modifi\u00e9 suivant les inscriptions r\u00e9ellement effectu\u00e9es jusqu\u2019en Novembre. L\u2019\u00e9cole se r\u00e9serve le droit d\u2019annuler un cours ou stage en fonction du nombre d\u2019inscrits. Les professeurs essayeront de satisfaire le plus grand nombre sans n\u00e9gliger personne.<\/p>\n\n\n\n<h3 class=\"wp-block-heading\">ARTICLE 4- Consignes pendant les cours<\/h3>\n\n\n\n<p>Pour le respect du travail de chacun, les \u00e9l\u00e8ves sont tenus de :<br>\u2022&nbsp;&nbsp;&nbsp; Avoir un comportement correct \u00e0 l\u2019int\u00e9rieur et aux abords de l\u2019\u00e9cole de danse.<br>\u2022&nbsp;&nbsp;&nbsp; L\u2019acc\u00e8s aux studios de danse est exclusivement r\u00e9serv\u00e9 aux \u00e9l\u00e8ves et professeurs. Les parents ou accompagnants ne sont pas autoris\u00e9s \u00e0 assister aux cours.<br>\u2022&nbsp;&nbsp;&nbsp; Ne pas fumer \u00e0 l\u2019int\u00e9rieur des locaux.<br>\u2022&nbsp;&nbsp;&nbsp; Respecter les locaux et tout le mobilier mis \u00e0 votre disposition.<br>\u2022&nbsp;&nbsp;&nbsp; Interdit de monter sur les barres classiques (toute d\u00e9gradation sera \u00e0 la charge de l\u2019adh\u00e9rent ayant cr\u00e9\u00e9 le pr\u00e9judice).<br>\u2022&nbsp;&nbsp;&nbsp; Ne pas m\u00e2cher de chewing-gum pendant les cours de danse.<br><strong>\u2022&nbsp;&nbsp;&nbsp; Tout portable introduit dans la salle de danse doit \u00eatre \u00e9teint.<br><\/strong>L\u2019\u00e9cole de danse d\u00e9cline toute responsabilit\u00e9 en cas de vols . Les vestiaires ne sont pas ferm\u00e9s \u00e0 cl\u00e9 pendant les cours.<\/p>\n\n\n\n<h3 class=\"wp-block-heading\">ARTICLE 5- Tenues de cours<\/h3>\n\n\n\n<p>Tout \u00e9l\u00e8ve se pr\u00e9sentant en cours de danse dans une tenue non appropri\u00e9e pourra se voir refuser l&rsquo;acc\u00e8s au cours de danse. Dans le cas o\u00f9 un \u00e9l\u00e8ve se blesse \u00e0 cause d&rsquo;une tenue ou de chaussures non appropri\u00e9es, l&rsquo;\u00e9cole de danse ou le professeur ne pourront pas \u00eatre tenus responsables.<\/p>\n\n\n\n<p>ARTICLE 6- Pr\u00e9sence et absence des \u00e9l\u00e8ves<\/p>\n\n\n\n<p>Les \u00e9l\u00e8ves doivent \u00eatre assidus en cours afin de ne g\u00eaner la progression du travail de l\u2019ann\u00e9e. <\/p>\n\n\n\n<p>La GG Style Dance School n\u2019est pas responsable des enfants en dehors des heures de leur cours ni \u00e0 l\u2019ext\u00e9rieur du studio \u00e0 quelque moment que ce soit. Les enfants ne doivent pas quitter l\u2019\u00e9cole sans qu\u2019un adulte responsable soit venu les chercher \u00e0 l\u2019int\u00e9rieur de l\u2019\u00e9cole. <\/p>\n\n\n\n<h3 class=\"wp-block-heading\">ARTICLE 8- Le spectacle<\/h3>\n\n\n\n<p>Le spectacle de No\u00ebl aura lieu le 21 d\u00e9cembre 2025, le spectacle de fin d&rsquo;ann\u00e9e le 14 juin 2026.<br>Le costume sera \u00e0 charge de l\u2019\u00e9l\u00e8ve. Les places de spectacle seront \u00e0 la charge des familles.<br>Les essayages des costumes sont faits pendant le temps des cours.<br>Nous demandons aux \u00e9l\u00e8ves d\u2019\u00eatre le plus pr\u00e9sent possible aux r\u00e9p\u00e9titions pour le spectacle.<br>Le professeur d\u00e9cidera si oui ou non l\u2019\u00e9l\u00e8ve pourra participer au spectacle en cas d\u2019absences prolong\u00e9es et surtout si elles n\u2019ont pas \u00e9t\u00e9 pr\u00e9venues.<\/p>\n\n\n\n<h3 class=\"wp-block-heading\">ARTICLE 9- Urgence medicale<\/h3>\n\n\n\n<p>La direction doit \u00eatre tenue inform\u00e9e de tout souci m\u00e9dical majeur et de toute prise de m\u00e9dicament pendant ses cours.<br>En cas d&rsquo;urgence m\u00e9dicale, la direction est habilit\u00e9e \u00e0 prendre toutes les dispositions n\u00e9cessaires (appel des pompiers et transfert \u00e0 l&rsquo;h\u00f4pital le plus proche) s&rsquo;il n&rsquo;arrive pas \u00e0 joindre par t\u00e9l\u00e9phone les parents de l&rsquo;\u00e9l\u00e8ve concern\u00e9.<\/p>\n\n\n\n<h3 class=\"wp-block-heading\">Article 10 \u2013 Droit \u00e0 l&rsquo;image<\/h3>\n\n\n\n<p>La GG Style Dance School se r\u00e9serve le droit d&rsquo;utiliser l&rsquo;image des \u00e9l\u00e8ves inscrits \u00e0 des fins de communication et de publicit\u00e9 sur tous supports que ce soit.<\/p>\n\n\n\n<h3 class=\"wp-block-heading\">Article 11 &#8211; Comportement au sein de l&rsquo;\u00e9cole de danse<\/h3>\n\n\n\n<p>La direction se r\u00e9serve le droit de refuser l&rsquo;inscription ou de r\u00e9silier l&rsquo;abonnement sans remboursement de tout \u00e9l\u00e8ve pour des motifs r\u00e9els et s\u00e9rieux (par exemple mais non limit\u00e9 \u00e0 : fauteur de trouble, manque de respect \u00e0 un \u00e9l\u00e8ve, \u00e0 professeur ou \u00e0 la direction, harc\u00e8lement).<\/p>\n\n\n\n<h3 class=\"wp-block-heading\">ARTICLE 12- Manquement au pr\u00e9sent r\u00e8glement<\/h3>\n\n\n\n<p>Tout manquement au pr\u00e9sent r\u00e8glement pourra conduire \u00e0 une mesure d\u2019exclusion temporaire ou d\u00e9finitive qui ne saurait donner lieu \u00e0 un remboursement de quelque nature que ce soit.<\/p>\n\n\n\n<p><\/p>\n","protected":false},"excerpt":{"rendered":"<p>ARTICLE 1- Le r\u00e8glement int\u00e9rieur Proc\u00e9der \u00e0 une inscription vaut acceptation du r\u00e8glement int\u00e9rieur et des conditions g\u00e9n\u00e9rales de vente. Toute personne ne respectant pas le r\u00e8glement est susceptible d\u2019\u00eatre renvoy\u00e9e. Le pr\u00e9sent r\u00e8glement est r\u00e9visable tous les ans. ARTICLE 2- Cours- Inscription et paiement Les tarifs des cours collectifs et cours particuliers sont \u00e9tablis [&hellip;]<\/p>\n","protected":false},"author":1,"featured_media":0,"parent":134027,"menu_order":0,"comment_status":"closed","ping_status":"closed","template":"","meta":{"om_disable_all_campaigns":false,"_monsterinsights_skip_tracking":false,"_monsterinsights_sitenote_active":false,"_monsterinsights_sitenote_note":"","_monsterinsights_sitenote_category":0,"footnotes":""},"class_list":["post-133728","page","type-page","status-publish","hentry"],"aioseo_notices":[],"_links":{"self":[{"href":"https:\/\/www.ggstyle-danceschool.com\/index.php?rest_route=\/wp\/v2\/pages\/133728","targetHints":{"allow":["GET"]}}],"collection":[{"href":"https:\/\/www.ggstyle-danceschool.com\/index.php?rest_route=\/wp\/v2\/pages"}],"about":[{"href":"https:\/\/www.ggstyle-danceschool.com\/index.php?rest_route=\/wp\/v2\/types\/page"}],"author":[{"embeddable":true,"href":"https:\/\/www.ggstyle-danceschool.com\/index.php?rest_route=\/wp\/v2\/users\/1"}],"replies":[{"embeddable":true,"href":"https:\/\/www.ggstyle-danceschool.com\/index.php?rest_route=%2Fwp%2Fv2%2Fcomments&post=133728"}],"version-history":[{"count":3,"href":"https:\/\/www.ggstyle-danceschool.com\/index.php?rest_route=\/wp\/v2\/pages\/133728\/revisions"}],"predecessor-version":[{"id":134093,"href":"https:\/\/www.ggstyle-danceschool.com\/index.php?rest_route=\/wp\/v2\/pages\/133728\/revisions\/134093"}],"up":[{"embeddable":true,"href":"https:\/\/www.ggstyle-danceschool.com\/index.php?rest_route=\/wp\/v2\/pages\/134027"}],"wp:attachment":[{"href":"https:\/\/www.ggstyle-danceschool.com\/index.php?rest_route=%2Fwp%2Fv2%2Fmedia&parent=133728"}],"curies":[{"name":"wp","href":"https:\/\/api.w.org\/{rel}","templated":true}]}}