{"id":133665,"date":"2025-07-22T22:06:44","date_gmt":"2025-07-22T22:06:44","guid":{"rendered":"https:\/\/www.ggstyle-danceschool.com\/?page_id=133665"},"modified":"2025-08-10T11:58:48","modified_gmt":"2025-08-10T11:58:48","slug":"services-pour-les-particuliers","status":"publish","type":"page","link":"https:\/\/www.ggstyle-danceschool.com\/?page_id=133665","title":{"rendered":"Services pour les particuliers"},"content":{"rendered":"<div class=\"aioseo-breadcrumbs\"><span class=\"aioseo-breadcrumb\">\n\t<a href=\"https:\/\/www.ggstyle-danceschool.com\" title=\"Home\">Home<\/a>\n<\/span><span class=\"aioseo-breadcrumb-separator\">&raquo;<\/span><span class=\"aioseo-breadcrumb\">\n\t<a href=\"https:\/\/www.ggstyle-danceschool.com\/?page_id=7765\" title=\"Services\">Services<\/a>\n<\/span><span class=\"aioseo-breadcrumb-separator\">&raquo;<\/span><span class=\"aioseo-breadcrumb\">\n\tServices pour les particuliers\n<\/span><\/div>\n\n\n<p>L&rsquo;\u00e9cole de danse vous propose diff\u00e9rents services pour votre plus grand plaisir.<\/p>\n\n\n\n<h2 class=\"wp-block-heading\">Cours particulier de danse<\/h2>\n\n\n\n<p>En solo ou en petit groupe, vous avez la possibilit\u00e9 d&rsquo;avoir un professeur pour vous. Que vous soyez timide, que vos horaires ne vous permettent pas d&rsquo;assister aux cours collectifs ou tout simplement pour vous perfectionner et progresser, n&rsquo;h\u00e9sitez pas \u00e0 nous contacter ou contacter directement le professeur avec lequel vous souhaitez travailler.<\/p>\n\n\n\n<h2 class=\"wp-block-heading\">Anniversaire<\/h2>\n\n\n\n<p>Nous vous proposons la mise \u00e0 disposition d&rsquo;un espace pour un anniversaire en musique et fun, avec un cours de danse, une super boom et des maquillages en option. Nous vous proposons un moment inoubliable pour vos enfants.<\/p>\n\n\n\n<h2 class=\"wp-block-heading\">EVJF<\/h2>\n\n\n\n<p>Envie de danser et faire la f\u00eate pour vos EVJF? Nous vous proposons un cours de danse sur mesure. Contactez nous afin de pr\u00e9parer ensemble ce moment de f\u00eate.<\/p>\n\n\n\n<h2 class=\"wp-block-heading\">Ouverture de bal<\/h2>\n\n\n\n<p>Pr\u00e9parons ensemble une chor\u00e9graphie pour l&rsquo;ouverture de bal de votre mariage dont vos invit\u00e9s se souviendront. Une chor\u00e9graphie sur mesure pour un jour sp\u00e9cial.<\/p>\n\n\n\n<h2 class=\"wp-block-heading\">Location de studio<\/h2>\n\n\n\n<p>Vous avez la possibilit\u00e9 de louer un studio de danse pour vos entra\u00eenements ou cours particuliers.<\/p>\n\n\n\n<div class=\"wp-block-buttons is-content-justification-center is-layout-flex wp-container-core-buttons-is-layout-16018d1d wp-block-buttons-is-layout-flex\">\n<div class=\"wp-block-button\"><a class=\"wp-block-button__link has-vivid-red-background-color has-background wp-element-button\" href=\"mailto:contact@ggstyle-danceschool.com\">Contactez nous<\/a><\/div>\n<\/div>\n\n\n\n<p><\/p>\n","protected":false},"excerpt":{"rendered":"<p>L&rsquo;\u00e9cole de danse vous propose diff\u00e9rents services pour votre plus grand plaisir. Cours particulier de danse En solo ou en petit groupe, vous avez la possibilit\u00e9 d&rsquo;avoir un professeur pour vous. Que vous soyez timide, que vos horaires ne vous permettent pas d&rsquo;assister aux cours collectifs ou tout simplement pour vous perfectionner et progresser, n&rsquo;h\u00e9sitez [&hellip;]<\/p>\n","protected":false},"author":1,"featured_media":0,"parent":7765,"menu_order":0,"comment_status":"closed","ping_status":"closed","template":"","meta":{"om_disable_all_campaigns":false,"_monsterinsights_skip_tracking":false,"_monsterinsights_sitenote_active":false,"_monsterinsights_sitenote_note":"","_monsterinsights_sitenote_category":0,"footnotes":""},"class_list":["post-133665","page","type-page","status-publish","hentry"],"aioseo_notices":[],"_links":{"self":[{"href":"https:\/\/www.ggstyle-danceschool.com\/index.php?rest_route=\/wp\/v2\/pages\/133665","targetHints":{"allow":["GET"]}}],"collection":[{"href":"https:\/\/www.ggstyle-danceschool.com\/index.php?rest_route=\/wp\/v2\/pages"}],"about":[{"href":"https:\/\/www.ggstyle-danceschool.com\/index.php?rest_route=\/wp\/v2\/types\/page"}],"author":[{"embeddable":true,"href":"https:\/\/www.ggstyle-danceschool.com\/index.php?rest_route=\/wp\/v2\/users\/1"}],"replies":[{"embeddable":true,"href":"https:\/\/www.ggstyle-danceschool.com\/index.php?rest_route=%2Fwp%2Fv2%2Fcomments&post=133665"}],"version-history":[{"count":3,"href":"https:\/\/www.ggstyle-danceschool.com\/index.php?rest_route=\/wp\/v2\/pages\/133665\/revisions"}],"predecessor-version":[{"id":133987,"href":"https:\/\/www.ggstyle-danceschool.com\/index.php?rest_route=\/wp\/v2\/pages\/133665\/revisions\/133987"}],"up":[{"embeddable":true,"href":"https:\/\/www.ggstyle-danceschool.com\/index.php?rest_route=\/wp\/v2\/pages\/7765"}],"wp:attachment":[{"href":"https:\/\/www.ggstyle-danceschool.com\/index.php?rest_route=%2Fwp%2Fv2%2Fmedia&parent=133665"}],"curies":[{"name":"wp","href":"https:\/\/api.w.org\/{rel}","templated":true}]}}