{"id":133600,"date":"2025-07-22T16:09:24","date_gmt":"2025-07-22T16:09:24","guid":{"rendered":"https:\/\/www.ggstyle-danceschool.com\/?page_id=133600"},"modified":"2025-08-10T11:47:31","modified_gmt":"2025-08-10T11:47:31","slug":"les-cours-de-danse-pour-apprendre-une-choregraphie","status":"publish","type":"page","link":"https:\/\/www.ggstyle-danceschool.com\/?page_id=133600","title":{"rendered":"Les cours de danse pour apprendre une chor\u00e9graphie"},"content":{"rendered":"<div class=\"aioseo-breadcrumbs\"><span class=\"aioseo-breadcrumb\">\n\t<a href=\"https:\/\/www.ggstyle-danceschool.com\" title=\"Home\">Home<\/a>\n<\/span><span class=\"aioseo-breadcrumb-separator\">&raquo;<\/span><span class=\"aioseo-breadcrumb\">\n\t<a href=\"https:\/\/www.ggstyle-danceschool.com\/?page_id=133563\" title=\"Trouve ton cours de danse\">Trouve ton cours de danse<\/a>\n<\/span><span class=\"aioseo-breadcrumb-separator\">&raquo;<\/span><span class=\"aioseo-breadcrumb\">\n\t<a href=\"https:\/\/www.ggstyle-danceschool.com\/?page_id=133569\" title=\"Trouve ton cours de danse\">Trouve ton cours de danse<\/a>\n<\/span><span class=\"aioseo-breadcrumb-separator\">&raquo;<\/span><span class=\"aioseo-breadcrumb\">\n\t<a href=\"https:\/\/www.ggstyle-danceschool.com\/?page_id=133587\" title=\"Les cours de danse pour adultes\">Les cours de danse pour adultes<\/a>\n<\/span><span class=\"aioseo-breadcrumb-separator\">&raquo;<\/span><span class=\"aioseo-breadcrumb\">\n\tLes cours de danse pour apprendre une chor\u00e9graphie\n<\/span><\/div>\n\n\n<h2 class=\"wp-block-heading\">Hip Hop<\/h2>\n\n\n\n<p>Des chor\u00e9graphies \u00e9nergiques sur vos musiques pr\u00e9f\u00e9r\u00e9es dans le style commercial ou LA.<\/p>\n\n\n\n<h2 class=\"wp-block-heading\">Street Jazz<\/h2>\n\n\n\n<p>Un m\u00e9lange subtil de street dance et de jazz pour se challenger.<\/p>\n\n\n\n<h2 class=\"wp-block-heading\">Ladystyle<\/h2>\n\n\n\n<p>Street dance en version girly, un cours de danse \u00e9nergique et sensuel.<\/p>\n\n\n\n<h2 class=\"wp-block-heading\">Kpop<\/h2>\n\n\n\n<p>Venez apprendre vos chor\u00e9graphies pr\u00e9f\u00e9r\u00e9es des plus grands artistes Kpop.<\/p>\n\n\n\n<h2 class=\"wp-block-heading\">Dance Basics<\/h2>\n\n\n\n<p>Un cours de danse id\u00e9al pour toucher \u00e0 tous les styles au cours de l&rsquo;ann\u00e9e, Micka va vous emmener dans un voyage \u00e0 travers les diff\u00e9rentes ambiances de la danse, id\u00e9al si vous d\u00e9marrez et que vous ne savez pas trop dans quoi vous lancer en premier. Un cours de danse fun avec une super ambiance.<\/p>\n\n\n\n<h2 class=\"wp-block-heading\">Broadway Jazz<\/h2>\n\n\n\n<p>Des chor\u00e9graphies dans l&rsquo;ambiance r\u00e9tro-com\u00e9die musicale, un cours de danse fun et une \u00e9nergie p\u00e9tillante!<\/p>\n\n\n\n<h2 class=\"wp-block-heading\">Bollywood<\/h2>\n\n\n\n<p>Venez bouger sur des chor\u00e9graphies fun dans une ambiance indienne. On bouge, on se d\u00e9foule et on passe un bon moment.<\/p>\n\n\n\n<div class=\"wp-block-buttons is-content-justification-center is-layout-flex wp-container-core-buttons-is-layout-16018d1d wp-block-buttons-is-layout-flex\">\n<div class=\"wp-block-button\"><a class=\"wp-block-button__link has-vivid-red-background-color has-background wp-element-button\">Je consulte le planning et je r\u00e9serve mon cours d&rsquo;essai offert<\/a><\/div>\n<\/div>\n\n\n\n<p><a href=\"https:\/\/www.ggstyle-danceschool.com\/?page_id=133587\" data-type=\"page\" data-id=\"133587\">Pr\u00e9c\u00e9dent<\/a><\/p>\n","protected":false},"excerpt":{"rendered":"<p>Hip Hop Des chor\u00e9graphies \u00e9nergiques sur vos musiques pr\u00e9f\u00e9r\u00e9es dans le style commercial ou LA. Street Jazz Un m\u00e9lange subtil de street dance et de jazz pour se challenger. Ladystyle Street dance en version girly, un cours de danse \u00e9nergique et sensuel. Kpop Venez apprendre vos chor\u00e9graphies pr\u00e9f\u00e9r\u00e9es des plus grands artistes Kpop. Dance Basics [&hellip;]<\/p>\n","protected":false},"author":1,"featured_media":0,"parent":133587,"menu_order":0,"comment_status":"closed","ping_status":"closed","template":"","meta":{"om_disable_all_campaigns":false,"_monsterinsights_skip_tracking":false,"_monsterinsights_sitenote_active":false,"_monsterinsights_sitenote_note":"","_monsterinsights_sitenote_category":0,"footnotes":""},"class_list":["post-133600","page","type-page","status-publish","hentry"],"aioseo_notices":[],"_links":{"self":[{"href":"https:\/\/www.ggstyle-danceschool.com\/index.php?rest_route=\/wp\/v2\/pages\/133600","targetHints":{"allow":["GET"]}}],"collection":[{"href":"https:\/\/www.ggstyle-danceschool.com\/index.php?rest_route=\/wp\/v2\/pages"}],"about":[{"href":"https:\/\/www.ggstyle-danceschool.com\/index.php?rest_route=\/wp\/v2\/types\/page"}],"author":[{"embeddable":true,"href":"https:\/\/www.ggstyle-danceschool.com\/index.php?rest_route=\/wp\/v2\/users\/1"}],"replies":[{"embeddable":true,"href":"https:\/\/www.ggstyle-danceschool.com\/index.php?rest_route=%2Fwp%2Fv2%2Fcomments&post=133600"}],"version-history":[{"count":3,"href":"https:\/\/www.ggstyle-danceschool.com\/index.php?rest_route=\/wp\/v2\/pages\/133600\/revisions"}],"predecessor-version":[{"id":133972,"href":"https:\/\/www.ggstyle-danceschool.com\/index.php?rest_route=\/wp\/v2\/pages\/133600\/revisions\/133972"}],"up":[{"embeddable":true,"href":"https:\/\/www.ggstyle-danceschool.com\/index.php?rest_route=\/wp\/v2\/pages\/133587"}],"wp:attachment":[{"href":"https:\/\/www.ggstyle-danceschool.com\/index.php?rest_route=%2Fwp%2Fv2%2Fmedia&parent=133600"}],"curies":[{"name":"wp","href":"https:\/\/api.w.org\/{rel}","templated":true}]}}