{"id":133597,"date":"2025-07-22T15:54:06","date_gmt":"2025-07-22T15:54:06","guid":{"rendered":"https:\/\/www.ggstyle-danceschool.com\/?page_id=133597"},"modified":"2025-08-10T11:49:08","modified_gmt":"2025-08-10T11:49:08","slug":"les-cours-de-danse-pour-se-sentir-plus-feminine-ou-sexy","status":"publish","type":"page","link":"https:\/\/www.ggstyle-danceschool.com\/?page_id=133597","title":{"rendered":"Les cours de danse pour se sentir plus f\u00e9minine ou sexy"},"content":{"rendered":"<div class=\"aioseo-breadcrumbs\"><span class=\"aioseo-breadcrumb\">\n\t<a href=\"https:\/\/www.ggstyle-danceschool.com\" title=\"Home\">Home<\/a>\n<\/span><span class=\"aioseo-breadcrumb-separator\">&raquo;<\/span><span class=\"aioseo-breadcrumb\">\n\t<a href=\"https:\/\/www.ggstyle-danceschool.com\/?page_id=133563\" title=\"Trouve ton cours de danse\">Trouve ton cours de danse<\/a>\n<\/span><span class=\"aioseo-breadcrumb-separator\">&raquo;<\/span><span class=\"aioseo-breadcrumb\">\n\t<a href=\"https:\/\/www.ggstyle-danceschool.com\/?page_id=133569\" title=\"Trouve ton cours de danse\">Trouve ton cours de danse<\/a>\n<\/span><span class=\"aioseo-breadcrumb-separator\">&raquo;<\/span><span class=\"aioseo-breadcrumb\">\n\t<a href=\"https:\/\/www.ggstyle-danceschool.com\/?page_id=133587\" title=\"Les cours de danse pour adultes\">Les cours de danse pour adultes<\/a>\n<\/span><span class=\"aioseo-breadcrumb-separator\">&raquo;<\/span><span class=\"aioseo-breadcrumb\">\n\tLes cours de danse pour se sentir plus f\u00e9minine ou sexy\n<\/span><\/div>\n\n\n<h2 class=\"wp-block-heading\">Cabaret<\/h2>\n\n\n\n<p>Cours de danse en talons, d\u00e9veloppez votre sensualit\u00e9 et votre f\u00e9minit\u00e9 gr\u00e2ce \u00e0 ce cours de danse inspir\u00e9 du style des grands cabarets.<\/p>\n\n\n\n<h2 class=\"wp-block-heading\">Heels (pour les 16 ans et +)<\/h2>\n\n\n\n<p>Apprenez \u00e0 danser en talons gr\u00e2ce \u00e0 des exercices techniques et des chor\u00e9graphies, des mouvements sensuels pour vous sentir plus f\u00e9minine que jamais.<\/p>\n\n\n\n<h2 class=\"wp-block-heading\">Attitude by Brice<\/h2>\n\n\n\n<p>Avec ou sans talons, ce cours est une bouff\u00e9e d&rsquo;oxyg\u00e8ne pour se sentir bien et passer un moment fun tout en se sentant plus f\u00e9minine.<\/p>\n\n\n\n<div class=\"wp-block-buttons is-content-justification-center is-layout-flex wp-container-core-buttons-is-layout-16018d1d wp-block-buttons-is-layout-flex\">\n<div class=\"wp-block-button\"><a class=\"wp-block-button__link has-vivid-red-background-color has-background wp-element-button\">Je consulte le planning et je r\u00e9serve mon cours de d&rsquo;essai offert<\/a><\/div>\n<\/div>\n\n\n\n<p><a href=\"https:\/\/www.ggstyle-danceschool.com\/?page_id=133587\" data-type=\"page\" data-id=\"133587\">Pr\u00e9c\u00e9dent<\/a><\/p>\n","protected":false},"excerpt":{"rendered":"<p>Cabaret Cours de danse en talons, d\u00e9veloppez votre sensualit\u00e9 et votre f\u00e9minit\u00e9 gr\u00e2ce \u00e0 ce cours de danse inspir\u00e9 du style des grands cabarets. Heels (pour les 16 ans et +) Apprenez \u00e0 danser en talons gr\u00e2ce \u00e0 des exercices techniques et des chor\u00e9graphies, des mouvements sensuels pour vous sentir plus f\u00e9minine que jamais. Attitude [&hellip;]<\/p>\n","protected":false},"author":1,"featured_media":0,"parent":133587,"menu_order":0,"comment_status":"closed","ping_status":"closed","template":"","meta":{"om_disable_all_campaigns":false,"_monsterinsights_skip_tracking":false,"_monsterinsights_sitenote_active":false,"_monsterinsights_sitenote_note":"","_monsterinsights_sitenote_category":0,"footnotes":""},"class_list":["post-133597","page","type-page","status-publish","hentry"],"aioseo_notices":[],"_links":{"self":[{"href":"https:\/\/www.ggstyle-danceschool.com\/index.php?rest_route=\/wp\/v2\/pages\/133597","targetHints":{"allow":["GET"]}}],"collection":[{"href":"https:\/\/www.ggstyle-danceschool.com\/index.php?rest_route=\/wp\/v2\/pages"}],"about":[{"href":"https:\/\/www.ggstyle-danceschool.com\/index.php?rest_route=\/wp\/v2\/types\/page"}],"author":[{"embeddable":true,"href":"https:\/\/www.ggstyle-danceschool.com\/index.php?rest_route=\/wp\/v2\/users\/1"}],"replies":[{"embeddable":true,"href":"https:\/\/www.ggstyle-danceschool.com\/index.php?rest_route=%2Fwp%2Fv2%2Fcomments&post=133597"}],"version-history":[{"count":3,"href":"https:\/\/www.ggstyle-danceschool.com\/index.php?rest_route=\/wp\/v2\/pages\/133597\/revisions"}],"predecessor-version":[{"id":133975,"href":"https:\/\/www.ggstyle-danceschool.com\/index.php?rest_route=\/wp\/v2\/pages\/133597\/revisions\/133975"}],"up":[{"embeddable":true,"href":"https:\/\/www.ggstyle-danceschool.com\/index.php?rest_route=\/wp\/v2\/pages\/133587"}],"wp:attachment":[{"href":"https:\/\/www.ggstyle-danceschool.com\/index.php?rest_route=%2Fwp%2Fv2%2Fmedia&parent=133597"}],"curies":[{"name":"wp","href":"https:\/\/api.w.org\/{rel}","templated":true}]}}