{"id":133593,"date":"2025-07-22T15:11:56","date_gmt":"2025-07-22T15:11:56","guid":{"rendered":"https:\/\/www.ggstyle-danceschool.com\/?page_id=133593"},"modified":"2025-08-10T11:48:42","modified_gmt":"2025-08-10T11:48:42","slug":"les-cours-de-danse-pour-se-defouler-et-transpirer","status":"publish","type":"page","link":"https:\/\/www.ggstyle-danceschool.com\/?page_id=133593","title":{"rendered":"Les cours de danse pour se d\u00e9fouler et transpirer"},"content":{"rendered":"<div class=\"aioseo-breadcrumbs\"><span class=\"aioseo-breadcrumb\">\n\t<a href=\"https:\/\/www.ggstyle-danceschool.com\" title=\"Home\">Home<\/a>\n<\/span><span class=\"aioseo-breadcrumb-separator\">&raquo;<\/span><span class=\"aioseo-breadcrumb\">\n\t<a href=\"https:\/\/www.ggstyle-danceschool.com\/?page_id=133563\" title=\"Trouve ton cours de danse\">Trouve ton cours de danse<\/a>\n<\/span><span class=\"aioseo-breadcrumb-separator\">&raquo;<\/span><span class=\"aioseo-breadcrumb\">\n\t<a href=\"https:\/\/www.ggstyle-danceschool.com\/?page_id=133569\" title=\"Trouve ton cours de danse\">Trouve ton cours de danse<\/a>\n<\/span><span class=\"aioseo-breadcrumb-separator\">&raquo;<\/span><span class=\"aioseo-breadcrumb\">\n\t<a href=\"https:\/\/www.ggstyle-danceschool.com\/?page_id=133587\" title=\"Les cours de danse pour adultes\">Les cours de danse pour adultes<\/a>\n<\/span><span class=\"aioseo-breadcrumb-separator\">&raquo;<\/span><span class=\"aioseo-breadcrumb\">\n\tLes cours de danse pour se d\u00e9fouler et transpirer\n<\/span><\/div>\n\n\n<h2 class=\"wp-block-heading\">Ragga<\/h2>\n\n\n\n<p>Dans ce cours on danse sans r\u00e9fl\u00e9chir sur des rythmes afros et afro-jama\u00efcains, on se d\u00e9hanche et on tonifie l&rsquo;ensemble du corps! Fun assur\u00e9 gr\u00e2ce \u00e0 ce cours de danse facile \u00e0 suivre.<\/p>\n\n\n\n<h2 class=\"wp-block-heading\">House<\/h2>\n\n\n\n<p>Le cours de danse le plus fou! Musique house et \u00e9lectro pour nous faire voyager avec des mouvements rapides et saut\u00e9s! L\u00e2ch\u00e9-prise assur\u00e9!<\/p>\n\n\n\n<div class=\"wp-block-buttons is-content-justification-center is-layout-flex wp-container-core-buttons-is-layout-16018d1d wp-block-buttons-is-layout-flex\">\n<div class=\"wp-block-button\"><a class=\"wp-block-button__link has-vivid-red-background-color has-background wp-element-button\" href=\"https:\/\/www.ggstyle-danceschool.com\/?page_id=25751\">Je consulte le planning et je r\u00e9serve mon cours d&rsquo;essai offert<\/a><\/div>\n<\/div>\n\n\n\n<p><a href=\"https:\/\/www.ggstyle-danceschool.com\/?page_id=133587\" data-type=\"page\" data-id=\"133587\">Pr\u00e9c\u00e9dent<\/a><\/p>\n","protected":false},"excerpt":{"rendered":"<p>Ragga Dans ce cours on danse sans r\u00e9fl\u00e9chir sur des rythmes afros et afro-jama\u00efcains, on se d\u00e9hanche et on tonifie l&rsquo;ensemble du corps! Fun assur\u00e9 gr\u00e2ce \u00e0 ce cours de danse facile \u00e0 suivre. House Le cours de danse le plus fou! Musique house et \u00e9lectro pour nous faire voyager avec des mouvements rapides et [&hellip;]<\/p>\n","protected":false},"author":1,"featured_media":0,"parent":133587,"menu_order":0,"comment_status":"closed","ping_status":"closed","template":"","meta":{"om_disable_all_campaigns":false,"_monsterinsights_skip_tracking":false,"_monsterinsights_sitenote_active":false,"_monsterinsights_sitenote_note":"","_monsterinsights_sitenote_category":0,"footnotes":""},"class_list":["post-133593","page","type-page","status-publish","hentry"],"aioseo_notices":[],"_links":{"self":[{"href":"https:\/\/www.ggstyle-danceschool.com\/index.php?rest_route=\/wp\/v2\/pages\/133593","targetHints":{"allow":["GET"]}}],"collection":[{"href":"https:\/\/www.ggstyle-danceschool.com\/index.php?rest_route=\/wp\/v2\/pages"}],"about":[{"href":"https:\/\/www.ggstyle-danceschool.com\/index.php?rest_route=\/wp\/v2\/types\/page"}],"author":[{"embeddable":true,"href":"https:\/\/www.ggstyle-danceschool.com\/index.php?rest_route=\/wp\/v2\/users\/1"}],"replies":[{"embeddable":true,"href":"https:\/\/www.ggstyle-danceschool.com\/index.php?rest_route=%2Fwp%2Fv2%2Fcomments&post=133593"}],"version-history":[{"count":3,"href":"https:\/\/www.ggstyle-danceschool.com\/index.php?rest_route=\/wp\/v2\/pages\/133593\/revisions"}],"predecessor-version":[{"id":133974,"href":"https:\/\/www.ggstyle-danceschool.com\/index.php?rest_route=\/wp\/v2\/pages\/133593\/revisions\/133974"}],"up":[{"embeddable":true,"href":"https:\/\/www.ggstyle-danceschool.com\/index.php?rest_route=\/wp\/v2\/pages\/133587"}],"wp:attachment":[{"href":"https:\/\/www.ggstyle-danceschool.com\/index.php?rest_route=%2Fwp%2Fv2%2Fmedia&parent=133593"}],"curies":[{"name":"wp","href":"https:\/\/api.w.org\/{rel}","templated":true}]}}