{"id":133582,"date":"2025-07-22T14:50:46","date_gmt":"2025-07-22T14:50:46","guid":{"rendered":"https:\/\/www.ggstyle-danceschool.com\/?page_id=133582"},"modified":"2025-08-12T15:47:31","modified_gmt":"2025-08-12T15:47:31","slug":"les-cours-de-danse-pour-les-preados-de-10-a-14-ans","status":"publish","type":"page","link":"https:\/\/www.ggstyle-danceschool.com\/?page_id=133582","title":{"rendered":"Les cours de danse pour les (pr\u00e9)ados de 10 \u00e0 14 ans"},"content":{"rendered":"<div class=\"aioseo-breadcrumbs\"><span class=\"aioseo-breadcrumb\">\n\t<a href=\"https:\/\/www.ggstyle-danceschool.com\" title=\"Home\">Home<\/a>\n<\/span><span class=\"aioseo-breadcrumb-separator\">&raquo;<\/span><span class=\"aioseo-breadcrumb\">\n\t<a href=\"https:\/\/www.ggstyle-danceschool.com\/?page_id=133563\" title=\"Trouve ton cours de danse\">Trouve ton cours de danse<\/a>\n<\/span><span class=\"aioseo-breadcrumb-separator\">&raquo;<\/span><span class=\"aioseo-breadcrumb\">\n\t<a href=\"https:\/\/www.ggstyle-danceschool.com\/?page_id=133569\" title=\"Trouve ton cours de danse\">Trouve ton cours de danse<\/a>\n<\/span><span class=\"aioseo-breadcrumb-separator\">&raquo;<\/span><span class=\"aioseo-breadcrumb\">\n\tLes cours de danse pour les (pr\u00e9)ados de 10 \u00e0 14 ans\n<\/span><\/div>\n\n\n<h2 class=\"wp-block-heading\">Hip Hop<\/h2>\n\n\n\n<p>Pour apprendre \u00e0 danser comme les danseurs de tes clips et vid\u00e9os pr\u00e9f\u00e9r\u00e9s!<\/p>\n\n\n\n<h2 class=\"wp-block-heading\">Kpop<\/h2>\n\n\n\n<p>Viens apprendre tes chor\u00e9graphies pr\u00e9f\u00e9r\u00e9es gr\u00e2ce \u00e0 notre super professeur de danse Romane!<\/p>\n\n\n\n<h2 class=\"wp-block-heading\">Danse classique<\/h2>\n\n\n\n<p>Le cours de danse technique par excellence. Travail \u00e0 la barre, souplesse, apprentissage des mouvements. <\/p>\n\n\n\n<h2 class=\"wp-block-heading\">Modern Jazz<\/h2>\n\n\n\n<p>Si tu veux danser comme Maddie Ziegler dans les clips de Sia, ce cours de danse est fait pour toi! D\u00e9veloppes ta souplesse, ta force et ta technique gr\u00e2ce \u00e0 ce cours dynamique.<\/p>\n\n\n\n<h2 class=\"wp-block-heading\">Bollywood<\/h2>\n\n\n\n<p>Viens bouger sur des rythmes indiens! Un cours fun et dynamique.<\/p>\n\n\n\n<h2 class=\"wp-block-heading\">Ragga<\/h2>\n\n\n\n<p>Dans ce cours on se d\u00e9foule! On se d\u00e9hanche sur des rythmes afro et afro-jama\u00efcains, bonne humeur garantie!<\/p>\n\n\n\n<h2 class=\"wp-block-heading\">House<\/h2>\n\n\n\n<p>Viens danser sur de la musique house et \u00e9lectro! Cours tr\u00e8s cardio et tr\u00e8s fun!<\/p>\n\n\n\n<h2 class=\"wp-block-heading\">Ladystyle<\/h2>\n\n\n\n<p>Un cours de street dance \u00e0 la sauce girly!<\/p>\n\n\n\n<h2 class=\"wp-block-heading\">Hip Hop Old School<\/h2>\n\n\n\n<p>Dans ce cours on reprend les bases de la culture hip hop et on danse sur les sons qui font la culture hip hop.<\/p>\n\n\n\n<h2 class=\"wp-block-heading\">Breakdance<\/h2>\n\n\n\n<p>Viens apprendre des figures au sol. Cours technique, athl\u00e9tique et ludique.<\/p>\n\n\n\n<h2 class=\"wp-block-heading\">Broadway Jazz<\/h2>\n\n\n\n<p>Un cours de modern jazz intens\u00e9ment r\u00e9tro, pour les fans de com\u00e9die musicale!<\/p>\n\n\n\n<div class=\"wp-block-buttons is-content-justification-center is-layout-flex wp-container-core-buttons-is-layout-16018d1d wp-block-buttons-is-layout-flex\">\n<div class=\"wp-block-button\"><a class=\"wp-block-button__link has-vivid-red-background-color has-background wp-element-button\" href=\"https:\/\/www.ggstyle-danceschool.com\/?page_id=25751\">Consulter le planning et r\u00e9server mon cours d&rsquo;essai offert<\/a><\/div>\n<\/div>\n\n\n\n<p><a href=\"https:\/\/www.ggstyle-danceschool.com\/?page_id=133563\" data-type=\"page\" data-id=\"133563\">Pr\u00e9c\u00e9dent<\/a><\/p>\n","protected":false},"excerpt":{"rendered":"<p>Hip Hop Pour apprendre \u00e0 danser comme les danseurs de tes clips et vid\u00e9os pr\u00e9f\u00e9r\u00e9s! Kpop Viens apprendre tes chor\u00e9graphies pr\u00e9f\u00e9r\u00e9es gr\u00e2ce \u00e0 notre super professeur de danse Romane! Danse classique Le cours de danse technique par excellence. Travail \u00e0 la barre, souplesse, apprentissage des mouvements. Modern Jazz Si tu veux danser comme Maddie Ziegler [&hellip;]<\/p>\n","protected":false},"author":1,"featured_media":0,"parent":133569,"menu_order":0,"comment_status":"closed","ping_status":"closed","template":"","meta":{"om_disable_all_campaigns":false,"_monsterinsights_skip_tracking":false,"_monsterinsights_sitenote_active":false,"_monsterinsights_sitenote_note":"","_monsterinsights_sitenote_category":0,"footnotes":""},"class_list":["post-133582","page","type-page","status-publish","hentry"],"aioseo_notices":[],"_links":{"self":[{"href":"https:\/\/www.ggstyle-danceschool.com\/index.php?rest_route=\/wp\/v2\/pages\/133582","targetHints":{"allow":["GET"]}}],"collection":[{"href":"https:\/\/www.ggstyle-danceschool.com\/index.php?rest_route=\/wp\/v2\/pages"}],"about":[{"href":"https:\/\/www.ggstyle-danceschool.com\/index.php?rest_route=\/wp\/v2\/types\/page"}],"author":[{"embeddable":true,"href":"https:\/\/www.ggstyle-danceschool.com\/index.php?rest_route=\/wp\/v2\/users\/1"}],"replies":[{"embeddable":true,"href":"https:\/\/www.ggstyle-danceschool.com\/index.php?rest_route=%2Fwp%2Fv2%2Fcomments&post=133582"}],"version-history":[{"count":4,"href":"https:\/\/www.ggstyle-danceschool.com\/index.php?rest_route=\/wp\/v2\/pages\/133582\/revisions"}],"predecessor-version":[{"id":133977,"href":"https:\/\/www.ggstyle-danceschool.com\/index.php?rest_route=\/wp\/v2\/pages\/133582\/revisions\/133977"}],"up":[{"embeddable":true,"href":"https:\/\/www.ggstyle-danceschool.com\/index.php?rest_route=\/wp\/v2\/pages\/133569"}],"wp:attachment":[{"href":"https:\/\/www.ggstyle-danceschool.com\/index.php?rest_route=%2Fwp%2Fv2%2Fmedia&parent=133582"}],"curies":[{"name":"wp","href":"https:\/\/api.w.org\/{rel}","templated":true}]}}