{"id":133578,"date":"2025-07-22T14:37:17","date_gmt":"2025-07-22T14:37:17","guid":{"rendered":"https:\/\/www.ggstyle-danceschool.com\/?page_id=133578"},"modified":"2025-08-12T15:52:42","modified_gmt":"2025-08-12T15:52:42","slug":"les-cours-de-danse-pour-les-enfants-de-6-a-9-ans","status":"publish","type":"page","link":"https:\/\/www.ggstyle-danceschool.com\/?page_id=133578","title":{"rendered":"Les cours de danse pour les enfants de 6 \u00e0 9 ans"},"content":{"rendered":"<div class=\"aioseo-breadcrumbs\"><span class=\"aioseo-breadcrumb\">\n\t<a href=\"https:\/\/www.ggstyle-danceschool.com\" title=\"Home\">Home<\/a>\n<\/span><span class=\"aioseo-breadcrumb-separator\">&raquo;<\/span><span class=\"aioseo-breadcrumb\">\n\t<a href=\"https:\/\/www.ggstyle-danceschool.com\/?page_id=133563\" title=\"Trouve ton cours de danse\">Trouve ton cours de danse<\/a>\n<\/span><span class=\"aioseo-breadcrumb-separator\">&raquo;<\/span><span class=\"aioseo-breadcrumb\">\n\t<a href=\"https:\/\/www.ggstyle-danceschool.com\/?page_id=133569\" title=\"Trouve ton cours de danse\">Trouve ton cours de danse<\/a>\n<\/span><span class=\"aioseo-breadcrumb-separator\">&raquo;<\/span><span class=\"aioseo-breadcrumb\">\n\tLes cours de danse pour les enfants de 6 \u00e0 9 ans\n<\/span><\/div>\n\n\n<h2 class=\"wp-block-heading\">Danse classique<\/h2>\n\n\n\n<p>Pour apprendre \u00e0 danser comme une vraie ballerine. On travaille la technique, la souplesse et on a nos premi\u00e8res sensations de petit rat de l&rsquo;op\u00e9ra.<\/p>\n\n\n\n<h2 class=\"wp-block-heading\">Modern Jazz<\/h2>\n\n\n\n<p>Si tu veux danser comme Maddie Ziegler dans les clips de Sia, ce cours est fait pour toi! Technique, force, souplesse ; ce cours est archi complet pour travailler tout en s&rsquo;amusant et devenir un(e) grand(e) danseur(se).<\/p>\n\n\n\n<h2 class=\"wp-block-heading\">Hip Hop<\/h2>\n\n\n\n<p>Si tu veux danser, bouger et t&rsquo;amuser sur tes musiques pr\u00e9f\u00e9r\u00e9es, ce cours de danse est fait pour toi!<\/p>\n\n\n\n<h2 class=\"wp-block-heading\">Breakdance (\u00e0 partir de 7 ans)<\/h2>\n\n\n\n<p>Tu sais ces figures au sol que tu vois parfois? Ou ces danseurs qui tournent sur la t\u00eate? C&rsquo;est \u00e7a que tu vas apprendre dans ce cours!<\/p>\n\n\n\n<h2 class=\"wp-block-heading\">Bollywood<\/h2>\n\n\n\n<p>Le cours le plus fun pour bouger sur des rythmes indiens! D\u00e9paysement garanti!<\/p>\n\n\n\n<div class=\"wp-block-buttons is-content-justification-center is-layout-flex wp-container-core-buttons-is-layout-16018d1d wp-block-buttons-is-layout-flex\">\n<div class=\"wp-block-button\"><a class=\"wp-block-button__link has-vivid-red-background-color has-background wp-element-button\">Je consulte le planning et je r\u00e9serve mon cours d&rsquo;essai<\/a><\/div>\n<\/div>\n\n\n\n<p class=\"has-vivid-red-color has-text-color has-link-color wp-elements-09abe8ec939ab64dc592b2db9e1a115e\"><a href=\"https:\/\/www.ggstyle-danceschool.com\/?page_id=133563\" data-type=\"page\" data-id=\"133563\">Pr\u00e9c\u00e9dent<\/a><\/p>\n","protected":false},"excerpt":{"rendered":"<p>Danse classique Pour apprendre \u00e0 danser comme une vraie ballerine. On travaille la technique, la souplesse et on a nos premi\u00e8res sensations de petit rat de l&rsquo;op\u00e9ra. Modern Jazz Si tu veux danser comme Maddie Ziegler dans les clips de Sia, ce cours est fait pour toi! Technique, force, souplesse ; ce cours est archi [&hellip;]<\/p>\n","protected":false},"author":1,"featured_media":0,"parent":133569,"menu_order":0,"comment_status":"closed","ping_status":"closed","template":"","meta":{"om_disable_all_campaigns":false,"_monsterinsights_skip_tracking":false,"_monsterinsights_sitenote_active":false,"_monsterinsights_sitenote_note":"","_monsterinsights_sitenote_category":0,"footnotes":""},"class_list":["post-133578","page","type-page","status-publish","hentry"],"aioseo_notices":[],"_links":{"self":[{"href":"https:\/\/www.ggstyle-danceschool.com\/index.php?rest_route=\/wp\/v2\/pages\/133578","targetHints":{"allow":["GET"]}}],"collection":[{"href":"https:\/\/www.ggstyle-danceschool.com\/index.php?rest_route=\/wp\/v2\/pages"}],"about":[{"href":"https:\/\/www.ggstyle-danceschool.com\/index.php?rest_route=\/wp\/v2\/types\/page"}],"author":[{"embeddable":true,"href":"https:\/\/www.ggstyle-danceschool.com\/index.php?rest_route=\/wp\/v2\/users\/1"}],"replies":[{"embeddable":true,"href":"https:\/\/www.ggstyle-danceschool.com\/index.php?rest_route=%2Fwp%2Fv2%2Fcomments&post=133578"}],"version-history":[{"count":4,"href":"https:\/\/www.ggstyle-danceschool.com\/index.php?rest_route=\/wp\/v2\/pages\/133578\/revisions"}],"predecessor-version":[{"id":134040,"href":"https:\/\/www.ggstyle-danceschool.com\/index.php?rest_route=\/wp\/v2\/pages\/133578\/revisions\/134040"}],"up":[{"embeddable":true,"href":"https:\/\/www.ggstyle-danceschool.com\/index.php?rest_route=\/wp\/v2\/pages\/133569"}],"wp:attachment":[{"href":"https:\/\/www.ggstyle-danceschool.com\/index.php?rest_route=%2Fwp%2Fv2%2Fmedia&parent=133578"}],"curies":[{"name":"wp","href":"https:\/\/api.w.org\/{rel}","templated":true}]}}